{"id":894,"date":"2019-01-22T14:41:26","date_gmt":"2019-01-22T12:41:26","guid":{"rendered":"https:\/\/www.onniravintolat.fi\/gate-a21\/"},"modified":"2019-06-13T14:40:45","modified_gmt":"2019-06-13T12:40:45","slug":"gate-a21","status":"publish","type":"page","link":"https:\/\/www.onniravintolat.fi\/en\/ravintolat\/gate-a21\/","title":{"rendered":"Gate A21"},"content":{"rendered":"\t\t<div data-elementor-type=\"wp-post\" data-elementor-id=\"894\" class=\"elementor elementor-894\" data-elementor-post-type=\"page\">\n\t\t\t\t\t\t<section class=\"elementor-section elementor-top-section elementor-element elementor-element-8d22d97 elementor-section-stretched elementor-section-boxed elementor-section-height-default elementor-section-height-default\" data-id=\"8d22d97\" data-element_type=\"section\" data-e-type=\"section\" data-settings=\"{&quot;stretch_section&quot;:&quot;section-stretched&quot;}\">\n\t\t\t\t\t\t<div class=\"elementor-container elementor-column-gap-wider\">\n\t\t\t\t\t<div class=\"elementor-column elementor-col-100 elementor-top-column elementor-element elementor-element-55ac527\" data-id=\"55ac527\" data-element_type=\"column\" data-e-type=\"column\">\n\t\t\t<div class=\"elementor-widget-wrap elementor-element-populated\">\n\t\t\t\t\t\t<div class=\"elementor-element elementor-element-ad99c49 elementor-widget elementor-widget-image\" data-id=\"ad99c49\" data-element_type=\"widget\" data-e-type=\"widget\" data-widget_type=\"image.default\">\n\t\t\t\t<div class=\"elementor-widget-container\">\n\t\t\t\t\t\t\t\t\t\t\t\t\t\t\t<img fetchpriority=\"high\" decoding=\"async\" width=\"800\" height=\"195\" src=\"https:\/\/www.onniravintolat.fi\/wp-content\/uploads\/2019\/03\/A21-logo-isompi-1024x250.png\" class=\"attachment-large size-large wp-image-3424\" alt=\"\" srcset=\"https:\/\/www.onniravintolat.fi\/wp-content\/uploads\/2019\/03\/A21-logo-isompi-1024x250.png 1024w, https:\/\/www.onniravintolat.fi\/wp-content\/uploads\/2019\/03\/A21-logo-isompi-300x73.png 300w, https:\/\/www.onniravintolat.fi\/wp-content\/uploads\/2019\/03\/A21-logo-isompi-768x188.png 768w, https:\/\/www.onniravintolat.fi\/wp-content\/uploads\/2019\/03\/A21-logo-isompi.png 1300w\" sizes=\"(max-width: 800px) 100vw, 800px\" \/>\t\t\t\t\t\t\t\t\t\t\t\t\t\t\t<\/div>\n\t\t\t\t<\/div>\n\t\t\t\t<div class=\"elementor-element elementor-element-38191fc elementor-pagination-position-inside elementor-arrows-position-inside elementor-widget elementor-widget-image-carousel\" data-id=\"38191fc\" data-element_type=\"widget\" data-e-type=\"widget\" data-settings=\"{&quot;slides_to_show&quot;:&quot;1&quot;,&quot;navigation&quot;:&quot;both&quot;,&quot;autoplay&quot;:&quot;yes&quot;,&quot;pause_on_hover&quot;:&quot;yes&quot;,&quot;pause_on_interaction&quot;:&quot;yes&quot;,&quot;autoplay_speed&quot;:5000,&quot;infinite&quot;:&quot;yes&quot;,&quot;effect&quot;:&quot;slide&quot;,&quot;speed&quot;:500}\" data-widget_type=\"image-carousel.default\">\n\t\t\t\t<div class=\"elementor-widget-container\">\n\t\t\t\t\t\t\t<div class=\"elementor-image-carousel-wrapper swiper\" role=\"region\" aria-roledescription=\"carousel\" aria-label=\"Image Carousel\" dir=\"ltr\">\n\t\t\t<div class=\"elementor-image-carousel swiper-wrapper swiper-image-stretch\" aria-live=\"off\">\n\t\t\t\t\t\t\t\t<div class=\"swiper-slide\" role=\"group\" aria-roledescription=\"slide\" aria-label=\"1 of 7\"><figure class=\"swiper-slide-inner\"><img decoding=\"async\" class=\"swiper-slide-image\" src=\"https:\/\/www.onniravintolat.fi\/wp-content\/uploads\/2019\/03\/2-1.jpg\" alt=\"\" \/><\/figure><\/div><div class=\"swiper-slide\" role=\"group\" aria-roledescription=\"slide\" aria-label=\"2 of 7\"><figure class=\"swiper-slide-inner\"><img decoding=\"async\" class=\"swiper-slide-image\" src=\"https:\/\/www.onniravintolat.fi\/wp-content\/uploads\/2019\/05\/46472569_206161703613407_6641488408625545216_n.jpg\" alt=\"cocktailbar helsinki\" \/><\/figure><\/div><div class=\"swiper-slide\" role=\"group\" aria-roledescription=\"slide\" aria-label=\"3 of 7\"><figure class=\"swiper-slide-inner\"><img decoding=\"async\" class=\"swiper-slide-image\" src=\"https:\/\/www.onniravintolat.fi\/wp-content\/uploads\/2019\/05\/DSC3032.jpg\" alt=\"cocktailbar helsinki\" \/><\/figure><\/div><div class=\"swiper-slide\" role=\"group\" aria-roledescription=\"slide\" aria-label=\"4 of 7\"><figure class=\"swiper-slide-inner\"><img decoding=\"async\" class=\"swiper-slide-image\" src=\"https:\/\/www.onniravintolat.fi\/wp-content\/uploads\/2019\/05\/51254666_250989452463965_7920831764489043968_n.jpg\" alt=\"cocktailbar helsinki\" \/><\/figure><\/div><div class=\"swiper-slide\" role=\"group\" aria-roledescription=\"slide\" aria-label=\"5 of 7\"><figure class=\"swiper-slide-inner\"><img decoding=\"async\" class=\"swiper-slide-image\" src=\"https:\/\/www.onniravintolat.fi\/wp-content\/uploads\/2019\/05\/DSC2920.jpg\" alt=\"cocktailbar helsinki\" \/><\/figure><\/div><div class=\"swiper-slide\" role=\"group\" aria-roledescription=\"slide\" aria-label=\"6 of 7\"><figure class=\"swiper-slide-inner\"><img decoding=\"async\" class=\"swiper-slide-image\" src=\"https:\/\/www.onniravintolat.fi\/wp-content\/uploads\/2019\/05\/DSC2849.jpg\" alt=\"cocktailbar helsinki\" \/><\/figure><\/div><div class=\"swiper-slide\" role=\"group\" aria-roledescription=\"slide\" aria-label=\"7 of 7\"><figure class=\"swiper-slide-inner\"><img decoding=\"async\" class=\"swiper-slide-image\" src=\"https:\/\/www.onniravintolat.fi\/wp-content\/uploads\/2019\/05\/DSC5361.jpg\" alt=\"cocktailbar helsinki\" \/><\/figure><\/div>\t\t\t<\/div>\n\t\t\t\t\t\t\t\t\t\t\t\t<div class=\"elementor-swiper-button elementor-swiper-button-prev\" role=\"button\" tabindex=\"0\">\n\t\t\t\t\t\t<i aria-hidden=\"true\" class=\"eicon-chevron-left\"><\/i>\t\t\t\t\t<\/div>\n\t\t\t\t\t<div class=\"elementor-swiper-button elementor-swiper-button-next\" role=\"button\" tabindex=\"0\">\n\t\t\t\t\t\t<i aria-hidden=\"true\" class=\"eicon-chevron-right\"><\/i>\t\t\t\t\t<\/div>\n\t\t\t\t\n\t\t\t\t\t\t\t\t\t<div class=\"swiper-pagination\"><\/div>\n\t\t\t\t\t\t\t\t\t<\/div>\n\t\t\t\t\t\t<\/div>\n\t\t\t\t<\/div>\n\t\t\t\t\t<\/div>\n\t\t<\/div>\n\t\t\t\t\t<\/div>\n\t\t<\/section>\n\t\t\t\t<section class=\"elementor-section elementor-top-section elementor-element elementor-element-78502ebb elementor-section-boxed elementor-section-height-default elementor-section-height-default\" data-id=\"78502ebb\" data-element_type=\"section\" data-e-type=\"section\">\n\t\t\t\t\t\t<div class=\"elementor-container elementor-column-gap-default\">\n\t\t\t\t\t<div class=\"elementor-column elementor-col-100 elementor-top-column elementor-element elementor-element-6491879f\" data-id=\"6491879f\" data-element_type=\"column\" data-e-type=\"column\">\n\t\t\t<div class=\"elementor-widget-wrap elementor-element-populated\">\n\t\t\t\t\t\t<div class=\"elementor-element elementor-element-6f0a8c7 elementor-widget elementor-widget-text-editor\" data-id=\"6f0a8c7\" data-element_type=\"widget\" data-e-type=\"widget\" data-widget_type=\"text-editor.default\">\n\t\t\t\t<div class=\"elementor-widget-container\">\n\t\t\t\t\t\t\t\t\t<p>Good afternoon passengers. This is the pre-boarding announcement for the flight from Gate A21 to social experience like no other.<\/p><p>Gate A21 is a high-quality cocktail bar located in the downtown of Helsinki. In addition to classy cocktails, we have a wide selection of craft beers at very customer-friendly prices.<\/p><p>A DJ takes over the party at the dancefloor from Thursday to Sunday.<\/p><p>Welcome aboard!<\/p>\t\t\t\t\t\t\t\t<\/div>\n\t\t\t\t<\/div>\n\t\t\t\t\t<\/div>\n\t\t<\/div>\n\t\t\t\t\t<\/div>\n\t\t<\/section>\n\t\t\t\t<section class=\"elementor-section elementor-top-section elementor-element elementor-element-282e4ba elementor-section-boxed elementor-section-height-default elementor-section-height-default\" data-id=\"282e4ba\" data-element_type=\"section\" data-e-type=\"section\">\n\t\t\t\t\t\t<div class=\"elementor-container elementor-column-gap-default\">\n\t\t\t\t\t<div class=\"elementor-column elementor-col-100 elementor-top-column elementor-element elementor-element-de0a2f3\" data-id=\"de0a2f3\" data-element_type=\"column\" data-e-type=\"column\">\n\t\t\t<div class=\"elementor-widget-wrap elementor-element-populated\">\n\t\t\t\t\t\t<div class=\"elementor-element elementor-element-11b88a1 elementor-widget elementor-widget-google_maps\" data-id=\"11b88a1\" data-element_type=\"widget\" data-e-type=\"widget\" data-widget_type=\"google_maps.default\">\n\t\t\t\t<div class=\"elementor-widget-container\">\n\t\t\t\t\t\t\t<div class=\"elementor-custom-embed\">\n\t\t\t<iframe loading=\"lazy\"\n\t\t\t\t\tsrc=\"https:\/\/maps.google.com\/maps?q=annankatu%2021%2C%2000100&#038;t=m&#038;z=14&#038;output=embed&#038;iwloc=near\"\n\t\t\t\t\ttitle=\"annankatu 21, 00100\"\n\t\t\t\t\taria-label=\"annankatu 21, 00100\"\n\t\t\t><\/iframe>\n\t\t<\/div>\n\t\t\t\t\t\t<\/div>\n\t\t\t\t<\/div>\n\t\t\t\t\t<\/div>\n\t\t<\/div>\n\t\t\t\t\t<\/div>\n\t\t<\/section>\n\t\t\t\t<section class=\"elementor-section elementor-top-section elementor-element elementor-element-5925471 elementor-section-boxed elementor-section-height-default elementor-section-height-default\" data-id=\"5925471\" data-element_type=\"section\" data-e-type=\"section\">\n\t\t\t\t\t\t<div class=\"elementor-container elementor-column-gap-default\">\n\t\t\t\t\t<div class=\"elementor-column elementor-col-100 elementor-top-column elementor-element elementor-element-35d7776\" data-id=\"35d7776\" data-element_type=\"column\" data-e-type=\"column\">\n\t\t\t<div class=\"elementor-widget-wrap elementor-element-populated\">\n\t\t\t\t\t\t<section class=\"elementor-section elementor-inner-section elementor-element elementor-element-6515481 elementor-section-boxed elementor-section-height-default elementor-section-height-default\" data-id=\"6515481\" data-element_type=\"section\" data-e-type=\"section\" data-settings=\"{&quot;background_background&quot;:&quot;classic&quot;}\">\n\t\t\t\t\t\t<div class=\"elementor-container elementor-column-gap-default\">\n\t\t\t\t\t<div class=\"elementor-column elementor-col-50 elementor-inner-column elementor-element elementor-element-9ab35d9\" data-id=\"9ab35d9\" data-element_type=\"column\" data-e-type=\"column\">\n\t\t\t<div class=\"elementor-widget-wrap elementor-element-populated\">\n\t\t\t\t\t\t<div class=\"elementor-element elementor-element-0ce019e elementor-widget elementor-widget-text-editor\" data-id=\"0ce019e\" data-element_type=\"widget\" data-e-type=\"widget\" data-widget_type=\"text-editor.default\">\n\t\t\t\t<div class=\"elementor-widget-container\">\n\t\t\t\t\t\t\t\t\t<p><strong>Contact<\/strong><\/p><p><span>Gate A21<br \/>Annankatu 21<br \/>00100\u00a0Helsinki<\/span><\/p><p><span>Tel: 044 7655783<br \/>email:\u00a0<a href=\"mailto:info@gatea21.fi\">info@gatea21.fi<\/a><\/span><\/p>\t\t\t\t\t\t\t\t<\/div>\n\t\t\t\t<\/div>\n\t\t\t\t\t<\/div>\n\t\t<\/div>\n\t\t\t\t<div class=\"elementor-column elementor-col-50 elementor-inner-column elementor-element elementor-element-3f1a635\" data-id=\"3f1a635\" data-element_type=\"column\" data-e-type=\"column\">\n\t\t\t<div class=\"elementor-widget-wrap elementor-element-populated\">\n\t\t\t\t\t\t<div class=\"elementor-element elementor-element-b7ba610 elementor-widget elementor-widget-text-editor\" data-id=\"b7ba610\" data-element_type=\"widget\" data-e-type=\"widget\" data-widget_type=\"text-editor.default\">\n\t\t\t\t<div class=\"elementor-widget-container\">\n\t\t\t\t\t\t\t\t\t<p><strong>Open<\/strong><\/p><p>Mon\u2013Thu 17\u201304:30<br \/>Fri\u2013Sat 16\u201304:30<br \/>Sun 17\u201304:30<\/p>\t\t\t\t\t\t\t\t<\/div>\n\t\t\t\t<\/div>\n\t\t\t\t\t<\/div>\n\t\t<\/div>\n\t\t\t\t\t<\/div>\n\t\t<\/section>\n\t\t\t\t\t<\/div>\n\t\t<\/div>\n\t\t\t\t\t<\/div>\n\t\t<\/section>\n\t\t\t\t<section class=\"elementor-section elementor-top-section elementor-element elementor-element-0e6e8db elementor-section-boxed elementor-section-height-default elementor-section-height-default\" data-id=\"0e6e8db\" data-element_type=\"section\" data-e-type=\"section\">\n\t\t\t\t\t\t<div class=\"elementor-container elementor-column-gap-default\">\n\t\t\t\t\t<div class=\"elementor-column elementor-col-100 elementor-top-column elementor-element elementor-element-b50d9af\" data-id=\"b50d9af\" data-element_type=\"column\" data-e-type=\"column\">\n\t\t\t<div class=\"elementor-widget-wrap elementor-element-populated\">\n\t\t\t\t\t\t<div class=\"elementor-element elementor-element-579c13d elementor-shape-circle elementor-grid-0 e-grid-align-center elementor-widget elementor-widget-social-icons\" data-id=\"579c13d\" data-element_type=\"widget\" data-e-type=\"widget\" data-widget_type=\"social-icons.default\">\n\t\t\t\t<div class=\"elementor-widget-container\">\n\t\t\t\t\t\t\t<div class=\"elementor-social-icons-wrapper elementor-grid\" role=\"list\">\n\t\t\t\t\t\t\t<span class=\"elementor-grid-item\" role=\"listitem\">\n\t\t\t\t\t<a class=\"elementor-icon elementor-social-icon elementor-social-icon-facebook elementor-repeater-item-aaecd6a\" href=\"https:\/\/www.facebook.com\/gatea21\/\" target=\"_blank\">\n\t\t\t\t\t\t<span class=\"elementor-screen-only\">Facebook<\/span>\n\t\t\t\t\t\t\t\t\t\t\t\t\t<i class=\"fa fa-facebook\" aria-hidden=\"true\"><\/i>\n\t\t\t\t\t\t\t\t\t\t\t<\/a>\n\t\t\t\t<\/span>\n\t\t\t\t\t\t\t<span class=\"elementor-grid-item\" role=\"listitem\">\n\t\t\t\t\t<a class=\"elementor-icon elementor-social-icon elementor-social-icon-instagram elementor-repeater-item-a2aac37\" href=\"https:\/\/www.instagram.com\/gatea21\/?hl=fi\" target=\"_blank\">\n\t\t\t\t\t\t<span class=\"elementor-screen-only\">Instagram<\/span>\n\t\t\t\t\t\t\t\t\t\t\t\t\t<i class=\"fa fa-instagram\" aria-hidden=\"true\"><\/i>\n\t\t\t\t\t\t\t\t\t\t\t<\/a>\n\t\t\t\t<\/span>\n\t\t\t\t\t<\/div>\n\t\t\t\t\t\t<\/div>\n\t\t\t\t<\/div>\n\t\t\t\t\t<\/div>\n\t\t<\/div>\n\t\t\t\t\t<\/div>\n\t\t<\/section>\n\t\t\t\t<section class=\"elementor-section elementor-top-section elementor-element elementor-element-7ff9fa3 elementor-section-boxed elementor-section-height-default elementor-section-height-default\" data-id=\"7ff9fa3\" data-element_type=\"section\" data-e-type=\"section\">\n\t\t\t\t\t\t<div class=\"elementor-container elementor-column-gap-default\">\n\t\t\t\t\t<div class=\"elementor-column elementor-col-100 elementor-top-column elementor-element elementor-element-64ac3d2\" data-id=\"64ac3d2\" data-element_type=\"column\" data-e-type=\"column\">\n\t\t\t<div class=\"elementor-widget-wrap elementor-element-populated\">\n\t\t\t\t\t\t<div class=\"elementor-element elementor-element-f47eddd elementor-align-center elementor-widget elementor-widget-button\" data-id=\"f47eddd\" data-element_type=\"widget\" data-e-type=\"widget\" data-widget_type=\"button.default\">\n\t\t\t\t<div class=\"elementor-widget-container\">\n\t\t\t\t\t\t\t\t\t<div class=\"elementor-button-wrapper\">\n\t\t\t\t\t<a class=\"elementor-button elementor-button-link elementor-size-lg\" href=\"https:\/\/gatea21.fi\/\">\n\t\t\t\t\t\t<span class=\"elementor-button-content-wrapper\">\n\t\t\t\t\t\t<span class=\"elementor-button-icon\">\n\t\t\t\t\t\t\t\t\t<i class=\"fa fa-angle-right\" aria-hidden=\"true\"><\/i>\n\t\t\t\t\t\t\t<\/span>\n\t\t\t\t\t\t\t\t\t<span class=\"elementor-button-text\">Read more: gatea21.fi<\/span>\n\t\t\t\t\t<\/span>\n\t\t\t\t\t<\/a>\n\t\t\t\t<\/div>\n\t\t\t\t\t\t\t\t<\/div>\n\t\t\t\t<\/div>\n\t\t\t\t\t<\/div>\n\t\t<\/div>\n\t\t\t\t\t<\/div>\n\t\t<\/section>\n\t\t\t\t<\/div>\n\t\t","protected":false},"excerpt":{"rendered":"<p>Good afternoon passengers. This is the pre-boarding announcement for the flight from Gate A21 to social experience like no other. Gate A21 is a high-quality cocktail bar located in the downtown of Helsinki. In addition to classy cocktails, we have a wide selection of craft beers at very customer-friendly prices. A DJ takes over the [&hellip;]<\/p>\n","protected":false},"author":20,"featured_media":405,"parent":1454,"menu_order":4,"comment_status":"closed","ping_status":"closed","template":"elementor_theme","meta":{"footnotes":""},"class_list":["post-894","page","type-page","status-publish","has-post-thumbnail","hentry"],"yoast_head":"<!-- This site is optimized with the Yoast SEO plugin v27.5 - https:\/\/yoast.com\/product\/yoast-seo-wordpress\/ -->\n<title>Gate A21 - Onniravintolat<\/title>\n<meta name=\"robots\" content=\"index, follow, max-snippet:-1, max-image-preview:large, max-video-preview:-1\" \/>\n<link rel=\"canonical\" href=\"https:\/\/www.onniravintolat.fi\/en\/ravintolat\/gate-a21\/\" \/>\n<meta property=\"og:locale\" content=\"en_US\" \/>\n<meta property=\"og:type\" content=\"article\" \/>\n<meta property=\"og:title\" content=\"Gate A21 - Onniravintolat\" \/>\n<meta property=\"og:description\" content=\"Good afternoon passengers. This is the pre-boarding announcement for the flight from Gate A21 to social experience like no other. Gate A21 is a high-quality cocktail bar located in the downtown of Helsinki. In addition to classy cocktails, we have a wide selection of craft beers at very customer-friendly prices. A DJ takes over the [&hellip;]\" \/>\n<meta property=\"og:url\" content=\"https:\/\/www.onniravintolat.fi\/en\/ravintolat\/gate-a21\/\" \/>\n<meta property=\"og:site_name\" content=\"Onniravintolat\" \/>\n<meta property=\"article:modified_time\" content=\"2019-06-13T12:40:45+00:00\" \/>\n<meta property=\"og:image\" content=\"https:\/\/www.onniravintolat.fi\/wp-content\/uploads\/2019\/01\/viisipennia-heading.jpg\" \/>\n\t<meta property=\"og:image:width\" content=\"1600\" \/>\n\t<meta property=\"og:image:height\" content=\"518\" \/>\n\t<meta property=\"og:image:type\" content=\"image\/jpeg\" \/>\n<meta name=\"twitter:card\" content=\"summary_large_image\" \/>\n<script type=\"application\/ld+json\" class=\"yoast-schema-graph\">{\"@context\":\"https:\\\/\\\/schema.org\",\"@graph\":[{\"@type\":\"WebPage\",\"@id\":\"https:\\\/\\\/www.onniravintolat.fi\\\/en\\\/ravintolat\\\/gate-a21\\\/\",\"url\":\"https:\\\/\\\/www.onniravintolat.fi\\\/en\\\/ravintolat\\\/gate-a21\\\/\",\"name\":\"Gate A21 - Onniravintolat\",\"isPartOf\":{\"@id\":\"https:\\\/\\\/www.onniravintolat.fi\\\/#website\"},\"primaryImageOfPage\":{\"@id\":\"https:\\\/\\\/www.onniravintolat.fi\\\/en\\\/ravintolat\\\/gate-a21\\\/#primaryimage\"},\"image\":{\"@id\":\"https:\\\/\\\/www.onniravintolat.fi\\\/en\\\/ravintolat\\\/gate-a21\\\/#primaryimage\"},\"thumbnailUrl\":\"https:\\\/\\\/www.onniravintolat.fi\\\/wp-content\\\/uploads\\\/2019\\\/01\\\/viisipennia-heading.jpg\",\"datePublished\":\"2019-01-22T12:41:26+00:00\",\"dateModified\":\"2019-06-13T12:40:45+00:00\",\"breadcrumb\":{\"@id\":\"https:\\\/\\\/www.onniravintolat.fi\\\/en\\\/ravintolat\\\/gate-a21\\\/#breadcrumb\"},\"inLanguage\":\"en-US\",\"potentialAction\":[{\"@type\":\"ReadAction\",\"target\":[\"https:\\\/\\\/www.onniravintolat.fi\\\/en\\\/ravintolat\\\/gate-a21\\\/\"]}]},{\"@type\":\"ImageObject\",\"inLanguage\":\"en-US\",\"@id\":\"https:\\\/\\\/www.onniravintolat.fi\\\/en\\\/ravintolat\\\/gate-a21\\\/#primaryimage\",\"url\":\"https:\\\/\\\/www.onniravintolat.fi\\\/wp-content\\\/uploads\\\/2019\\\/01\\\/viisipennia-heading.jpg\",\"contentUrl\":\"https:\\\/\\\/www.onniravintolat.fi\\\/wp-content\\\/uploads\\\/2019\\\/01\\\/viisipennia-heading.jpg\",\"width\":1600,\"height\":518},{\"@type\":\"BreadcrumbList\",\"@id\":\"https:\\\/\\\/www.onniravintolat.fi\\\/en\\\/ravintolat\\\/gate-a21\\\/#breadcrumb\",\"itemListElement\":[{\"@type\":\"ListItem\",\"position\":1,\"name\":\"Etusivu\",\"item\":\"https:\\\/\\\/www.onniravintolat.fi\\\/\"},{\"@type\":\"ListItem\",\"position\":2,\"name\":\"Our restaurants\",\"item\":\"https:\\\/\\\/www.onniravintolat.fi\\\/en\\\/ravintolat\\\/\"},{\"@type\":\"ListItem\",\"position\":3,\"name\":\"Gate A21\"}]},{\"@type\":\"WebSite\",\"@id\":\"https:\\\/\\\/www.onniravintolat.fi\\\/#website\",\"url\":\"https:\\\/\\\/www.onniravintolat.fi\\\/\",\"name\":\"Onniravintolat\",\"description\":\"Onnellisia hetki\u00e4 l\u00e4hell\u00e4si.\",\"publisher\":{\"@id\":\"https:\\\/\\\/www.onniravintolat.fi\\\/#organization\"},\"potentialAction\":[{\"@type\":\"SearchAction\",\"target\":{\"@type\":\"EntryPoint\",\"urlTemplate\":\"https:\\\/\\\/www.onniravintolat.fi\\\/?s={search_term_string}\"},\"query-input\":{\"@type\":\"PropertyValueSpecification\",\"valueRequired\":true,\"valueName\":\"search_term_string\"}}],\"inLanguage\":\"en-US\"},{\"@type\":\"Organization\",\"@id\":\"https:\\\/\\\/www.onniravintolat.fi\\\/#organization\",\"name\":\"Onniravintolat\",\"url\":\"https:\\\/\\\/www.onniravintolat.fi\\\/\",\"logo\":{\"@type\":\"ImageObject\",\"inLanguage\":\"en-US\",\"@id\":\"https:\\\/\\\/www.onniravintolat.fi\\\/#\\\/schema\\\/logo\\\/image\\\/\",\"url\":\"https:\\\/\\\/www.onniravintolat.fi\\\/wp-content\\\/uploads\\\/2020\\\/01\\\/Onniravintolat-logo-2.png\",\"contentUrl\":\"https:\\\/\\\/www.onniravintolat.fi\\\/wp-content\\\/uploads\\\/2020\\\/01\\\/Onniravintolat-logo-2.png\",\"width\":1467,\"height\":1467,\"caption\":\"Onniravintolat\"},\"image\":{\"@id\":\"https:\\\/\\\/www.onniravintolat.fi\\\/#\\\/schema\\\/logo\\\/image\\\/\"}}]}<\/script>\n<!-- \/ Yoast SEO plugin. -->","yoast_head_json":{"title":"Gate A21 - Onniravintolat","robots":{"index":"index","follow":"follow","max-snippet":"max-snippet:-1","max-image-preview":"max-image-preview:large","max-video-preview":"max-video-preview:-1"},"canonical":"https:\/\/www.onniravintolat.fi\/en\/ravintolat\/gate-a21\/","og_locale":"en_US","og_type":"article","og_title":"Gate A21 - Onniravintolat","og_description":"Good afternoon passengers. This is the pre-boarding announcement for the flight from Gate A21 to social experience like no other. Gate A21 is a high-quality cocktail bar located in the downtown of Helsinki. In addition to classy cocktails, we have a wide selection of craft beers at very customer-friendly prices. A DJ takes over the [&hellip;]","og_url":"https:\/\/www.onniravintolat.fi\/en\/ravintolat\/gate-a21\/","og_site_name":"Onniravintolat","article_modified_time":"2019-06-13T12:40:45+00:00","og_image":[{"width":1600,"height":518,"url":"https:\/\/www.onniravintolat.fi\/wp-content\/uploads\/2019\/01\/viisipennia-heading.jpg","type":"image\/jpeg"}],"twitter_card":"summary_large_image","schema":{"@context":"https:\/\/schema.org","@graph":[{"@type":"WebPage","@id":"https:\/\/www.onniravintolat.fi\/en\/ravintolat\/gate-a21\/","url":"https:\/\/www.onniravintolat.fi\/en\/ravintolat\/gate-a21\/","name":"Gate A21 - Onniravintolat","isPartOf":{"@id":"https:\/\/www.onniravintolat.fi\/#website"},"primaryImageOfPage":{"@id":"https:\/\/www.onniravintolat.fi\/en\/ravintolat\/gate-a21\/#primaryimage"},"image":{"@id":"https:\/\/www.onniravintolat.fi\/en\/ravintolat\/gate-a21\/#primaryimage"},"thumbnailUrl":"https:\/\/www.onniravintolat.fi\/wp-content\/uploads\/2019\/01\/viisipennia-heading.jpg","datePublished":"2019-01-22T12:41:26+00:00","dateModified":"2019-06-13T12:40:45+00:00","breadcrumb":{"@id":"https:\/\/www.onniravintolat.fi\/en\/ravintolat\/gate-a21\/#breadcrumb"},"inLanguage":"en-US","potentialAction":[{"@type":"ReadAction","target":["https:\/\/www.onniravintolat.fi\/en\/ravintolat\/gate-a21\/"]}]},{"@type":"ImageObject","inLanguage":"en-US","@id":"https:\/\/www.onniravintolat.fi\/en\/ravintolat\/gate-a21\/#primaryimage","url":"https:\/\/www.onniravintolat.fi\/wp-content\/uploads\/2019\/01\/viisipennia-heading.jpg","contentUrl":"https:\/\/www.onniravintolat.fi\/wp-content\/uploads\/2019\/01\/viisipennia-heading.jpg","width":1600,"height":518},{"@type":"BreadcrumbList","@id":"https:\/\/www.onniravintolat.fi\/en\/ravintolat\/gate-a21\/#breadcrumb","itemListElement":[{"@type":"ListItem","position":1,"name":"Etusivu","item":"https:\/\/www.onniravintolat.fi\/"},{"@type":"ListItem","position":2,"name":"Our restaurants","item":"https:\/\/www.onniravintolat.fi\/en\/ravintolat\/"},{"@type":"ListItem","position":3,"name":"Gate A21"}]},{"@type":"WebSite","@id":"https:\/\/www.onniravintolat.fi\/#website","url":"https:\/\/www.onniravintolat.fi\/","name":"Onniravintolat","description":"Onnellisia hetki\u00e4 l\u00e4hell\u00e4si.","publisher":{"@id":"https:\/\/www.onniravintolat.fi\/#organization"},"potentialAction":[{"@type":"SearchAction","target":{"@type":"EntryPoint","urlTemplate":"https:\/\/www.onniravintolat.fi\/?s={search_term_string}"},"query-input":{"@type":"PropertyValueSpecification","valueRequired":true,"valueName":"search_term_string"}}],"inLanguage":"en-US"},{"@type":"Organization","@id":"https:\/\/www.onniravintolat.fi\/#organization","name":"Onniravintolat","url":"https:\/\/www.onniravintolat.fi\/","logo":{"@type":"ImageObject","inLanguage":"en-US","@id":"https:\/\/www.onniravintolat.fi\/#\/schema\/logo\/image\/","url":"https:\/\/www.onniravintolat.fi\/wp-content\/uploads\/2020\/01\/Onniravintolat-logo-2.png","contentUrl":"https:\/\/www.onniravintolat.fi\/wp-content\/uploads\/2020\/01\/Onniravintolat-logo-2.png","width":1467,"height":1467,"caption":"Onniravintolat"},"image":{"@id":"https:\/\/www.onniravintolat.fi\/#\/schema\/logo\/image\/"}}]}},"_links":{"self":[{"href":"https:\/\/www.onniravintolat.fi\/en\/wp-json\/wp\/v2\/pages\/894","targetHints":{"allow":["GET"]}}],"collection":[{"href":"https:\/\/www.onniravintolat.fi\/en\/wp-json\/wp\/v2\/pages"}],"about":[{"href":"https:\/\/www.onniravintolat.fi\/en\/wp-json\/wp\/v2\/types\/page"}],"author":[{"embeddable":true,"href":"https:\/\/www.onniravintolat.fi\/en\/wp-json\/wp\/v2\/users\/20"}],"replies":[{"embeddable":true,"href":"https:\/\/www.onniravintolat.fi\/en\/wp-json\/wp\/v2\/comments?post=894"}],"version-history":[{"count":22,"href":"https:\/\/www.onniravintolat.fi\/en\/wp-json\/wp\/v2\/pages\/894\/revisions"}],"predecessor-version":[{"id":5046,"href":"https:\/\/www.onniravintolat.fi\/en\/wp-json\/wp\/v2\/pages\/894\/revisions\/5046"}],"up":[{"embeddable":true,"href":"https:\/\/www.onniravintolat.fi\/en\/wp-json\/wp\/v2\/pages\/1454"}],"wp:featuredmedia":[{"embeddable":true,"href":"https:\/\/www.onniravintolat.fi\/en\/wp-json\/wp\/v2\/media\/405"}],"wp:attachment":[{"href":"https:\/\/www.onniravintolat.fi\/en\/wp-json\/wp\/v2\/media?parent=894"}],"curies":[{"name":"wp","href":"https:\/\/api.w.org\/{rel}","templated":true}]}}