{"id":704,"date":"2019-01-22T11:06:06","date_gmt":"2019-01-22T09:06:06","guid":{"rendered":"https:\/\/www.onniravintolat.fi\/boothill\/"},"modified":"2019-08-15T08:42:55","modified_gmt":"2019-08-15T06:42:55","slug":"boothill","status":"publish","type":"page","link":"https:\/\/www.onniravintolat.fi\/en\/ravintolat\/boothill\/","title":{"rendered":"Boothill"},"content":{"rendered":"\t\t<div data-elementor-type=\"wp-post\" data-elementor-id=\"704\" class=\"elementor elementor-704\" data-elementor-post-type=\"page\">\n\t\t\t\t\t\t<section class=\"elementor-section elementor-top-section elementor-element elementor-element-bca893f elementor-section-boxed elementor-section-height-default elementor-section-height-default\" data-id=\"bca893f\" data-element_type=\"section\" data-e-type=\"section\">\n\t\t\t\t\t\t<div class=\"elementor-container elementor-column-gap-default\">\n\t\t\t\t\t<div class=\"elementor-column elementor-col-100 elementor-top-column elementor-element elementor-element-4e726bf\" data-id=\"4e726bf\" data-element_type=\"column\" data-e-type=\"column\">\n\t\t\t<div class=\"elementor-widget-wrap elementor-element-populated\">\n\t\t\t\t\t\t<div class=\"elementor-element elementor-element-dbe6365 elementor-widget elementor-widget-image\" data-id=\"dbe6365\" data-element_type=\"widget\" data-e-type=\"widget\" data-widget_type=\"image.default\">\n\t\t\t\t<div class=\"elementor-widget-container\">\n\t\t\t\t\t\t\t\t\t\t\t\t\t\t\t<img fetchpriority=\"high\" decoding=\"async\" width=\"500\" height=\"500\" src=\"https:\/\/www.onniravintolat.fi\/wp-content\/uploads\/2019\/03\/Boot-logo.png\" class=\"attachment-large size-large wp-image-2804\" alt=\"\" srcset=\"https:\/\/www.onniravintolat.fi\/wp-content\/uploads\/2019\/03\/Boot-logo.png 500w, https:\/\/www.onniravintolat.fi\/wp-content\/uploads\/2019\/03\/Boot-logo-150x150.png 150w, https:\/\/www.onniravintolat.fi\/wp-content\/uploads\/2019\/03\/Boot-logo-300x300.png 300w\" sizes=\"(max-width: 500px) 100vw, 500px\" \/>\t\t\t\t\t\t\t\t\t\t\t\t\t\t\t<\/div>\n\t\t\t\t<\/div>\n\t\t\t\t\t<\/div>\n\t\t<\/div>\n\t\t\t\t\t<\/div>\n\t\t<\/section>\n\t\t\t\t<section class=\"elementor-section elementor-top-section elementor-element elementor-element-4dd56c9 elementor-section-boxed elementor-section-height-default elementor-section-height-default\" data-id=\"4dd56c9\" data-element_type=\"section\" data-e-type=\"section\">\n\t\t\t\t\t\t<div class=\"elementor-container elementor-column-gap-default\">\n\t\t\t\t\t<div class=\"elementor-column elementor-col-100 elementor-top-column elementor-element elementor-element-ae1a249\" data-id=\"ae1a249\" data-element_type=\"column\" data-e-type=\"column\">\n\t\t\t<div class=\"elementor-widget-wrap elementor-element-populated\">\n\t\t\t\t\t\t<div class=\"elementor-element elementor-element-4afc775 elementor-widget elementor-widget-heading\" data-id=\"4afc775\" data-element_type=\"widget\" data-e-type=\"widget\" data-widget_type=\"heading.default\">\n\t\t\t\t<div class=\"elementor-widget-container\">\n\t\t\t\t\t<h2 class=\"elementor-heading-title elementor-size-default\">Boothill Rock Club<\/h2>\t\t\t\t<\/div>\n\t\t\t\t<\/div>\n\t\t\t\t\t<\/div>\n\t\t<\/div>\n\t\t\t\t\t<\/div>\n\t\t<\/section>\n\t\t\t\t<section class=\"elementor-section elementor-top-section elementor-element elementor-element-aa40430 elementor-section-boxed elementor-section-height-default elementor-section-height-default\" data-id=\"aa40430\" data-element_type=\"section\" data-e-type=\"section\">\n\t\t\t\t\t\t<div class=\"elementor-container elementor-column-gap-default\">\n\t\t\t\t\t<div class=\"elementor-column elementor-col-100 elementor-top-column elementor-element elementor-element-c1f6dbb\" data-id=\"c1f6dbb\" data-element_type=\"column\" data-e-type=\"column\">\n\t\t\t<div class=\"elementor-widget-wrap elementor-element-populated\">\n\t\t\t\t\t\t<div class=\"elementor-element elementor-element-bc2109a elementor-arrows-position-inside elementor-pagination-position-outside elementor-widget elementor-widget-image-carousel\" data-id=\"bc2109a\" data-element_type=\"widget\" data-e-type=\"widget\" data-settings=\"{&quot;slides_to_show&quot;:&quot;1&quot;,&quot;navigation&quot;:&quot;both&quot;,&quot;autoplay&quot;:&quot;yes&quot;,&quot;pause_on_hover&quot;:&quot;yes&quot;,&quot;pause_on_interaction&quot;:&quot;yes&quot;,&quot;autoplay_speed&quot;:5000,&quot;infinite&quot;:&quot;yes&quot;,&quot;effect&quot;:&quot;slide&quot;,&quot;speed&quot;:500}\" data-widget_type=\"image-carousel.default\">\n\t\t\t\t<div class=\"elementor-widget-container\">\n\t\t\t\t\t\t\t<div class=\"elementor-image-carousel-wrapper swiper\" role=\"region\" aria-roledescription=\"carousel\" aria-label=\"Image Carousel\" dir=\"ltr\">\n\t\t\t<div class=\"elementor-image-carousel swiper-wrapper swiper-image-stretch\" aria-live=\"off\">\n\t\t\t\t\t\t\t\t<div class=\"swiper-slide\" role=\"group\" aria-roledescription=\"slide\" aria-label=\"1 of 5\"><figure class=\"swiper-slide-inner\"><img decoding=\"async\" class=\"swiper-slide-image\" src=\"https:\/\/www.onniravintolat.fi\/wp-content\/uploads\/2019\/03\/5-3.jpg\" alt=\"\" \/><\/figure><\/div><div class=\"swiper-slide\" role=\"group\" aria-roledescription=\"slide\" aria-label=\"2 of 5\"><figure class=\"swiper-slide-inner\"><img decoding=\"async\" class=\"swiper-slide-image\" src=\"https:\/\/www.onniravintolat.fi\/wp-content\/uploads\/2019\/03\/3-5.jpg\" alt=\"\" \/><\/figure><\/div><div class=\"swiper-slide\" role=\"group\" aria-roledescription=\"slide\" aria-label=\"3 of 5\"><figure class=\"swiper-slide-inner\"><img decoding=\"async\" class=\"swiper-slide-image\" src=\"https:\/\/www.onniravintolat.fi\/wp-content\/uploads\/2019\/03\/2-5.jpg\" alt=\"\" \/><\/figure><\/div><div class=\"swiper-slide\" role=\"group\" aria-roledescription=\"slide\" aria-label=\"4 of 5\"><figure class=\"swiper-slide-inner\"><img decoding=\"async\" class=\"swiper-slide-image\" src=\"https:\/\/www.onniravintolat.fi\/wp-content\/uploads\/2019\/03\/1-5.jpg\" alt=\"\" \/><\/figure><\/div><div class=\"swiper-slide\" role=\"group\" aria-roledescription=\"slide\" aria-label=\"5 of 5\"><figure class=\"swiper-slide-inner\"><img decoding=\"async\" class=\"swiper-slide-image\" src=\"https:\/\/www.onniravintolat.fi\/wp-content\/uploads\/2019\/03\/4-4.jpg\" alt=\"\" \/><\/figure><\/div>\t\t\t<\/div>\n\t\t\t\t\t\t\t\t\t\t\t\t<div class=\"elementor-swiper-button elementor-swiper-button-prev\" role=\"button\" tabindex=\"0\">\n\t\t\t\t\t\t<i aria-hidden=\"true\" class=\"eicon-chevron-left\"><\/i>\t\t\t\t\t<\/div>\n\t\t\t\t\t<div class=\"elementor-swiper-button elementor-swiper-button-next\" role=\"button\" tabindex=\"0\">\n\t\t\t\t\t\t<i aria-hidden=\"true\" class=\"eicon-chevron-right\"><\/i>\t\t\t\t\t<\/div>\n\t\t\t\t\n\t\t\t\t\t\t\t\t\t<div class=\"swiper-pagination\"><\/div>\n\t\t\t\t\t\t\t\t\t<\/div>\n\t\t\t\t\t\t<\/div>\n\t\t\t\t<\/div>\n\t\t\t\t\t<\/div>\n\t\t<\/div>\n\t\t\t\t\t<\/div>\n\t\t<\/section>\n\t\t\t\t<section class=\"elementor-section elementor-top-section elementor-element elementor-element-78502ebb elementor-section-boxed elementor-section-height-default elementor-section-height-default\" data-id=\"78502ebb\" data-element_type=\"section\" data-e-type=\"section\">\n\t\t\t\t\t\t<div class=\"elementor-container elementor-column-gap-default\">\n\t\t\t\t\t<div class=\"elementor-column elementor-col-100 elementor-top-column elementor-element elementor-element-6bcf195\" data-id=\"6bcf195\" data-element_type=\"column\" data-e-type=\"column\">\n\t\t\t<div class=\"elementor-widget-wrap elementor-element-populated\">\n\t\t\t\t\t\t<div class=\"elementor-element elementor-element-2d66c50 elementor-widget elementor-widget-text-editor\" data-id=\"2d66c50\" data-element_type=\"widget\" data-e-type=\"widget\" data-widget_type=\"text-editor.default\">\n\t\t\t\t<div class=\"elementor-widget-container\">\n\t\t\t\t\t\t\t\t\t<p>Boothill is an iconic rock club right in the center of Helsinki! The laid-back atmosphere welcomes you to try out the extensive selection of beers and other drinks.<\/p><p>We have live music from Thursday to Sunday, and the entrance is free. We also provide all the local sports channels. You are welcome to play pool, darts or board games and use our wi-fi \u2013 all free of charge!<\/p>\t\t\t\t\t\t\t\t<\/div>\n\t\t\t\t<\/div>\n\t\t\t\t\t<\/div>\n\t\t<\/div>\n\t\t\t\t\t<\/div>\n\t\t<\/section>\n\t\t\t\t<section class=\"elementor-section elementor-top-section elementor-element elementor-element-282e4ba elementor-section-boxed elementor-section-height-default elementor-section-height-default\" data-id=\"282e4ba\" data-element_type=\"section\" data-e-type=\"section\">\n\t\t\t\t\t\t<div class=\"elementor-container elementor-column-gap-default\">\n\t\t\t\t\t<div class=\"elementor-column elementor-col-100 elementor-top-column elementor-element elementor-element-de0a2f3\" data-id=\"de0a2f3\" data-element_type=\"column\" data-e-type=\"column\">\n\t\t\t<div class=\"elementor-widget-wrap elementor-element-populated\">\n\t\t\t\t\t\t<div class=\"elementor-element elementor-element-11b88a1 elementor-widget elementor-widget-google_maps\" data-id=\"11b88a1\" data-element_type=\"widget\" data-e-type=\"widget\" data-widget_type=\"google_maps.default\">\n\t\t\t\t<div class=\"elementor-widget-container\">\n\t\t\t\t\t\t\t<div class=\"elementor-custom-embed\">\n\t\t\t<iframe loading=\"lazy\"\n\t\t\t\t\tsrc=\"https:\/\/maps.google.com\/maps?q=L%C3%B6nnrotinkatu%2025&#038;t=m&#038;z=14&#038;output=embed&#038;iwloc=near\"\n\t\t\t\t\ttitle=\"L\u00f6nnrotinkatu 25\"\n\t\t\t\t\taria-label=\"L\u00f6nnrotinkatu 25\"\n\t\t\t><\/iframe>\n\t\t<\/div>\n\t\t\t\t\t\t<\/div>\n\t\t\t\t<\/div>\n\t\t\t\t\t<\/div>\n\t\t<\/div>\n\t\t\t\t\t<\/div>\n\t\t<\/section>\n\t\t\t\t<section class=\"elementor-section elementor-top-section elementor-element elementor-element-b122210 elementor-section-boxed elementor-section-height-default elementor-section-height-default\" data-id=\"b122210\" data-element_type=\"section\" data-e-type=\"section\">\n\t\t\t\t\t\t<div class=\"elementor-container elementor-column-gap-default\">\n\t\t\t\t\t<div class=\"elementor-column elementor-col-100 elementor-top-column elementor-element elementor-element-85dbf94\" data-id=\"85dbf94\" data-element_type=\"column\" data-e-type=\"column\">\n\t\t\t<div class=\"elementor-widget-wrap elementor-element-populated\">\n\t\t\t\t\t\t<section class=\"elementor-section elementor-inner-section elementor-element elementor-element-8c2d917 elementor-section-boxed elementor-section-height-default elementor-section-height-default\" data-id=\"8c2d917\" data-element_type=\"section\" data-e-type=\"section\" data-settings=\"{&quot;background_background&quot;:&quot;classic&quot;}\">\n\t\t\t\t\t\t<div class=\"elementor-container elementor-column-gap-default\">\n\t\t\t\t\t<div class=\"elementor-column elementor-col-25 elementor-inner-column elementor-element elementor-element-2930bbc\" data-id=\"2930bbc\" data-element_type=\"column\" data-e-type=\"column\">\n\t\t\t<div class=\"elementor-widget-wrap elementor-element-populated\">\n\t\t\t\t\t\t<div class=\"elementor-element elementor-element-f3f8310 elementor-widget elementor-widget-text-editor\" data-id=\"f3f8310\" data-element_type=\"widget\" data-e-type=\"widget\" data-widget_type=\"text-editor.default\">\n\t\t\t\t<div class=\"elementor-widget-container\">\n\t\t\t\t\t\t\t\t\t<h3><b>Contact<\/b><\/h3><p>Boothill Rock Club<br \/>L\u00f6nnrotinkatu 25, <br \/>00180 Helsinki<\/p><p>Tel: (09) 685 6685<br \/>Email: <a href=\"mailto:boothill@boothill.fi\">boothill@boothill.fi<\/a><\/p><p><\/p>\t\t\t\t\t\t\t\t<\/div>\n\t\t\t\t<\/div>\n\t\t\t\t\t<\/div>\n\t\t<\/div>\n\t\t\t\t<div class=\"elementor-column elementor-col-25 elementor-inner-column elementor-element elementor-element-4ee65ab\" data-id=\"4ee65ab\" data-element_type=\"column\" data-e-type=\"column\">\n\t\t\t<div class=\"elementor-widget-wrap\">\n\t\t\t\t\t\t\t<\/div>\n\t\t<\/div>\n\t\t\t\t<div class=\"elementor-column elementor-col-25 elementor-inner-column elementor-element elementor-element-0013042\" data-id=\"0013042\" data-element_type=\"column\" data-e-type=\"column\">\n\t\t\t<div class=\"elementor-widget-wrap elementor-element-populated\">\n\t\t\t\t\t\t<div class=\"elementor-element elementor-element-d0ac226 elementor-widget elementor-widget-text-editor\" data-id=\"d0ac226\" data-element_type=\"widget\" data-e-type=\"widget\" data-widget_type=\"text-editor.default\">\n\t\t\t\t<div class=\"elementor-widget-container\">\n\t\t\t\t\t\t\t\t\t<h3><b>Open<\/b><\/h3><p>Sun-Thu 10:00-02:00<br \/>Fri-Sat 10:00-03:30<\/p>\t\t\t\t\t\t\t\t<\/div>\n\t\t\t\t<\/div>\n\t\t\t\t\t<\/div>\n\t\t<\/div>\n\t\t\t\t<div class=\"elementor-column elementor-col-25 elementor-inner-column elementor-element elementor-element-1765ab8\" data-id=\"1765ab8\" data-element_type=\"column\" data-e-type=\"column\">\n\t\t\t<div class=\"elementor-widget-wrap\">\n\t\t\t\t\t\t\t<\/div>\n\t\t<\/div>\n\t\t\t\t\t<\/div>\n\t\t<\/section>\n\t\t\t\t\t<\/div>\n\t\t<\/div>\n\t\t\t\t\t<\/div>\n\t\t<\/section>\n\t\t\t\t<section class=\"elementor-section elementor-top-section elementor-element elementor-element-0e6e8db elementor-section-boxed elementor-section-height-default elementor-section-height-default\" data-id=\"0e6e8db\" data-element_type=\"section\" data-e-type=\"section\">\n\t\t\t\t\t\t<div class=\"elementor-container elementor-column-gap-default\">\n\t\t\t\t\t<div class=\"elementor-column elementor-col-100 elementor-top-column elementor-element elementor-element-b50d9af\" data-id=\"b50d9af\" data-element_type=\"column\" data-e-type=\"column\">\n\t\t\t<div class=\"elementor-widget-wrap elementor-element-populated\">\n\t\t\t\t\t\t<div class=\"elementor-element elementor-element-579c13d elementor-shape-circle elementor-grid-0 e-grid-align-center elementor-widget elementor-widget-social-icons\" data-id=\"579c13d\" data-element_type=\"widget\" data-e-type=\"widget\" data-widget_type=\"social-icons.default\">\n\t\t\t\t<div class=\"elementor-widget-container\">\n\t\t\t\t\t\t\t<div class=\"elementor-social-icons-wrapper elementor-grid\" role=\"list\">\n\t\t\t\t\t\t\t<span class=\"elementor-grid-item\" role=\"listitem\">\n\t\t\t\t\t<a class=\"elementor-icon elementor-social-icon elementor-social-icon-facebook elementor-repeater-item-aaecd6a\" href=\"https:\/\/www.facebook.com\/boothill.helsinki\/\" target=\"_blank\">\n\t\t\t\t\t\t<span class=\"elementor-screen-only\">Facebook<\/span>\n\t\t\t\t\t\t\t\t\t\t\t\t\t<i class=\"fa fa-facebook\" aria-hidden=\"true\"><\/i>\n\t\t\t\t\t\t\t\t\t\t\t<\/a>\n\t\t\t\t<\/span>\n\t\t\t\t\t\t\t<span class=\"elementor-grid-item\" role=\"listitem\">\n\t\t\t\t\t<a class=\"elementor-icon elementor-social-icon elementor-social-icon-instagram elementor-repeater-item-8c0eeac\" href=\"https:\/\/www.instagram.com\/ravintolaboothill\/?hl=fi\" target=\"_blank\">\n\t\t\t\t\t\t<span class=\"elementor-screen-only\">Instagram<\/span>\n\t\t\t\t\t\t\t\t\t\t\t\t\t<i class=\"fa fa-instagram\" aria-hidden=\"true\"><\/i>\n\t\t\t\t\t\t\t\t\t\t\t<\/a>\n\t\t\t\t<\/span>\n\t\t\t\t\t<\/div>\n\t\t\t\t\t\t<\/div>\n\t\t\t\t<\/div>\n\t\t\t\t\t<\/div>\n\t\t<\/div>\n\t\t\t\t\t<\/div>\n\t\t<\/section>\n\t\t\t\t<section class=\"elementor-section elementor-top-section elementor-element elementor-element-7ff9fa3 elementor-section-boxed elementor-section-height-default elementor-section-height-default\" data-id=\"7ff9fa3\" data-element_type=\"section\" data-e-type=\"section\">\n\t\t\t\t\t\t<div class=\"elementor-container elementor-column-gap-default\">\n\t\t\t\t\t<div class=\"elementor-column elementor-col-100 elementor-top-column elementor-element elementor-element-64ac3d2\" data-id=\"64ac3d2\" data-element_type=\"column\" data-e-type=\"column\">\n\t\t\t<div class=\"elementor-widget-wrap elementor-element-populated\">\n\t\t\t\t\t\t<div class=\"elementor-element elementor-element-f47eddd elementor-align-center elementor-widget elementor-widget-button\" data-id=\"f47eddd\" data-element_type=\"widget\" data-e-type=\"widget\" data-widget_type=\"button.default\">\n\t\t\t\t<div class=\"elementor-widget-container\">\n\t\t\t\t\t\t\t\t\t<div class=\"elementor-button-wrapper\">\n\t\t\t\t\t<a class=\"elementor-button elementor-button-link elementor-size-sm\" href=\"http:\/\/www.boothill.fi\/\">\n\t\t\t\t\t\t<span class=\"elementor-button-content-wrapper\">\n\t\t\t\t\t\t<span class=\"elementor-button-icon\">\n\t\t\t\t\t\t\t\t\t<i class=\"fa fa-angle-right\" aria-hidden=\"true\"><\/i>\n\t\t\t\t\t\t\t<\/span>\n\t\t\t\t\t\t\t\t\t<span class=\"elementor-button-text\">Read more: boothill.fi<\/span>\n\t\t\t\t\t<\/span>\n\t\t\t\t\t<\/a>\n\t\t\t\t<\/div>\n\t\t\t\t\t\t\t\t<\/div>\n\t\t\t\t<\/div>\n\t\t\t\t\t<\/div>\n\t\t<\/div>\n\t\t\t\t\t<\/div>\n\t\t<\/section>\n\t\t\t\t<\/div>\n\t\t","protected":false},"excerpt":{"rendered":"<p>Boothill Rock Club Boothill is an iconic rock club right in the center of Helsinki! The laid-back atmosphere welcomes you to try out the extensive selection of beers and other drinks. We have live music from Thursday to Sunday, and the entrance is free. We also provide all the local sports channels. You are welcome [&hellip;]<\/p>\n","protected":false},"author":20,"featured_media":405,"parent":1454,"menu_order":2,"comment_status":"closed","ping_status":"closed","template":"elementor_theme","meta":{"footnotes":""},"class_list":["post-704","page","type-page","status-publish","has-post-thumbnail","hentry"],"yoast_head":"<!-- This site is optimized with the Yoast SEO plugin v27.3 - https:\/\/yoast.com\/product\/yoast-seo-wordpress\/ -->\n<title>Boothill - Onniravintolat<\/title>\n<meta name=\"robots\" content=\"index, follow, max-snippet:-1, max-image-preview:large, max-video-preview:-1\" \/>\n<link rel=\"canonical\" href=\"https:\/\/www.onniravintolat.fi\/en\/ravintolat\/boothill\/\" \/>\n<meta property=\"og:locale\" content=\"en_US\" \/>\n<meta property=\"og:type\" content=\"article\" \/>\n<meta property=\"og:title\" content=\"Boothill - Onniravintolat\" \/>\n<meta property=\"og:description\" content=\"Boothill Rock Club Boothill is an iconic rock club right in the center of Helsinki! The laid-back atmosphere welcomes you to try out the extensive selection of beers and other drinks. We have live music from Thursday to Sunday, and the entrance is free. We also provide all the local sports channels. You are welcome [&hellip;]\" \/>\n<meta property=\"og:url\" content=\"https:\/\/www.onniravintolat.fi\/en\/ravintolat\/boothill\/\" \/>\n<meta property=\"og:site_name\" content=\"Onniravintolat\" \/>\n<meta property=\"article:modified_time\" content=\"2019-08-15T06:42:55+00:00\" \/>\n<meta property=\"og:image\" content=\"https:\/\/www.onniravintolat.fi\/wp-content\/uploads\/2019\/01\/viisipennia-heading.jpg\" \/>\n\t<meta property=\"og:image:width\" content=\"1600\" \/>\n\t<meta property=\"og:image:height\" content=\"518\" \/>\n\t<meta property=\"og:image:type\" content=\"image\/jpeg\" \/>\n<meta name=\"twitter:card\" content=\"summary_large_image\" \/>\n<script type=\"application\/ld+json\" class=\"yoast-schema-graph\">{\"@context\":\"https:\\\/\\\/schema.org\",\"@graph\":[{\"@type\":\"WebPage\",\"@id\":\"https:\\\/\\\/www.onniravintolat.fi\\\/en\\\/ravintolat\\\/boothill\\\/\",\"url\":\"https:\\\/\\\/www.onniravintolat.fi\\\/en\\\/ravintolat\\\/boothill\\\/\",\"name\":\"Boothill - Onniravintolat\",\"isPartOf\":{\"@id\":\"https:\\\/\\\/www.onniravintolat.fi\\\/#website\"},\"primaryImageOfPage\":{\"@id\":\"https:\\\/\\\/www.onniravintolat.fi\\\/en\\\/ravintolat\\\/boothill\\\/#primaryimage\"},\"image\":{\"@id\":\"https:\\\/\\\/www.onniravintolat.fi\\\/en\\\/ravintolat\\\/boothill\\\/#primaryimage\"},\"thumbnailUrl\":\"https:\\\/\\\/www.onniravintolat.fi\\\/wp-content\\\/uploads\\\/2019\\\/01\\\/viisipennia-heading.jpg\",\"datePublished\":\"2019-01-22T09:06:06+00:00\",\"dateModified\":\"2019-08-15T06:42:55+00:00\",\"breadcrumb\":{\"@id\":\"https:\\\/\\\/www.onniravintolat.fi\\\/en\\\/ravintolat\\\/boothill\\\/#breadcrumb\"},\"inLanguage\":\"en-US\",\"potentialAction\":[{\"@type\":\"ReadAction\",\"target\":[\"https:\\\/\\\/www.onniravintolat.fi\\\/en\\\/ravintolat\\\/boothill\\\/\"]}]},{\"@type\":\"ImageObject\",\"inLanguage\":\"en-US\",\"@id\":\"https:\\\/\\\/www.onniravintolat.fi\\\/en\\\/ravintolat\\\/boothill\\\/#primaryimage\",\"url\":\"https:\\\/\\\/www.onniravintolat.fi\\\/wp-content\\\/uploads\\\/2019\\\/01\\\/viisipennia-heading.jpg\",\"contentUrl\":\"https:\\\/\\\/www.onniravintolat.fi\\\/wp-content\\\/uploads\\\/2019\\\/01\\\/viisipennia-heading.jpg\",\"width\":1600,\"height\":518},{\"@type\":\"BreadcrumbList\",\"@id\":\"https:\\\/\\\/www.onniravintolat.fi\\\/en\\\/ravintolat\\\/boothill\\\/#breadcrumb\",\"itemListElement\":[{\"@type\":\"ListItem\",\"position\":1,\"name\":\"Etusivu\",\"item\":\"https:\\\/\\\/www.onniravintolat.fi\\\/\"},{\"@type\":\"ListItem\",\"position\":2,\"name\":\"Our restaurants\",\"item\":\"https:\\\/\\\/www.onniravintolat.fi\\\/en\\\/ravintolat\\\/\"},{\"@type\":\"ListItem\",\"position\":3,\"name\":\"Boothill\"}]},{\"@type\":\"WebSite\",\"@id\":\"https:\\\/\\\/www.onniravintolat.fi\\\/#website\",\"url\":\"https:\\\/\\\/www.onniravintolat.fi\\\/\",\"name\":\"Onniravintolat\",\"description\":\"Onnellisia hetki\u00e4 l\u00e4hell\u00e4si.\",\"publisher\":{\"@id\":\"https:\\\/\\\/www.onniravintolat.fi\\\/#organization\"},\"potentialAction\":[{\"@type\":\"SearchAction\",\"target\":{\"@type\":\"EntryPoint\",\"urlTemplate\":\"https:\\\/\\\/www.onniravintolat.fi\\\/?s={search_term_string}\"},\"query-input\":{\"@type\":\"PropertyValueSpecification\",\"valueRequired\":true,\"valueName\":\"search_term_string\"}}],\"inLanguage\":\"en-US\"},{\"@type\":\"Organization\",\"@id\":\"https:\\\/\\\/www.onniravintolat.fi\\\/#organization\",\"name\":\"Onniravintolat\",\"url\":\"https:\\\/\\\/www.onniravintolat.fi\\\/\",\"logo\":{\"@type\":\"ImageObject\",\"inLanguage\":\"en-US\",\"@id\":\"https:\\\/\\\/www.onniravintolat.fi\\\/#\\\/schema\\\/logo\\\/image\\\/\",\"url\":\"https:\\\/\\\/www.onniravintolat.fi\\\/wp-content\\\/uploads\\\/2020\\\/01\\\/Onniravintolat-logo-2.png\",\"contentUrl\":\"https:\\\/\\\/www.onniravintolat.fi\\\/wp-content\\\/uploads\\\/2020\\\/01\\\/Onniravintolat-logo-2.png\",\"width\":1467,\"height\":1467,\"caption\":\"Onniravintolat\"},\"image\":{\"@id\":\"https:\\\/\\\/www.onniravintolat.fi\\\/#\\\/schema\\\/logo\\\/image\\\/\"}}]}<\/script>\n<!-- \/ Yoast SEO plugin. -->","yoast_head_json":{"title":"Boothill - Onniravintolat","robots":{"index":"index","follow":"follow","max-snippet":"max-snippet:-1","max-image-preview":"max-image-preview:large","max-video-preview":"max-video-preview:-1"},"canonical":"https:\/\/www.onniravintolat.fi\/en\/ravintolat\/boothill\/","og_locale":"en_US","og_type":"article","og_title":"Boothill - Onniravintolat","og_description":"Boothill Rock Club Boothill is an iconic rock club right in the center of Helsinki! The laid-back atmosphere welcomes you to try out the extensive selection of beers and other drinks. We have live music from Thursday to Sunday, and the entrance is free. We also provide all the local sports channels. You are welcome [&hellip;]","og_url":"https:\/\/www.onniravintolat.fi\/en\/ravintolat\/boothill\/","og_site_name":"Onniravintolat","article_modified_time":"2019-08-15T06:42:55+00:00","og_image":[{"width":1600,"height":518,"url":"https:\/\/www.onniravintolat.fi\/wp-content\/uploads\/2019\/01\/viisipennia-heading.jpg","type":"image\/jpeg"}],"twitter_card":"summary_large_image","schema":{"@context":"https:\/\/schema.org","@graph":[{"@type":"WebPage","@id":"https:\/\/www.onniravintolat.fi\/en\/ravintolat\/boothill\/","url":"https:\/\/www.onniravintolat.fi\/en\/ravintolat\/boothill\/","name":"Boothill - Onniravintolat","isPartOf":{"@id":"https:\/\/www.onniravintolat.fi\/#website"},"primaryImageOfPage":{"@id":"https:\/\/www.onniravintolat.fi\/en\/ravintolat\/boothill\/#primaryimage"},"image":{"@id":"https:\/\/www.onniravintolat.fi\/en\/ravintolat\/boothill\/#primaryimage"},"thumbnailUrl":"https:\/\/www.onniravintolat.fi\/wp-content\/uploads\/2019\/01\/viisipennia-heading.jpg","datePublished":"2019-01-22T09:06:06+00:00","dateModified":"2019-08-15T06:42:55+00:00","breadcrumb":{"@id":"https:\/\/www.onniravintolat.fi\/en\/ravintolat\/boothill\/#breadcrumb"},"inLanguage":"en-US","potentialAction":[{"@type":"ReadAction","target":["https:\/\/www.onniravintolat.fi\/en\/ravintolat\/boothill\/"]}]},{"@type":"ImageObject","inLanguage":"en-US","@id":"https:\/\/www.onniravintolat.fi\/en\/ravintolat\/boothill\/#primaryimage","url":"https:\/\/www.onniravintolat.fi\/wp-content\/uploads\/2019\/01\/viisipennia-heading.jpg","contentUrl":"https:\/\/www.onniravintolat.fi\/wp-content\/uploads\/2019\/01\/viisipennia-heading.jpg","width":1600,"height":518},{"@type":"BreadcrumbList","@id":"https:\/\/www.onniravintolat.fi\/en\/ravintolat\/boothill\/#breadcrumb","itemListElement":[{"@type":"ListItem","position":1,"name":"Etusivu","item":"https:\/\/www.onniravintolat.fi\/"},{"@type":"ListItem","position":2,"name":"Our restaurants","item":"https:\/\/www.onniravintolat.fi\/en\/ravintolat\/"},{"@type":"ListItem","position":3,"name":"Boothill"}]},{"@type":"WebSite","@id":"https:\/\/www.onniravintolat.fi\/#website","url":"https:\/\/www.onniravintolat.fi\/","name":"Onniravintolat","description":"Onnellisia hetki\u00e4 l\u00e4hell\u00e4si.","publisher":{"@id":"https:\/\/www.onniravintolat.fi\/#organization"},"potentialAction":[{"@type":"SearchAction","target":{"@type":"EntryPoint","urlTemplate":"https:\/\/www.onniravintolat.fi\/?s={search_term_string}"},"query-input":{"@type":"PropertyValueSpecification","valueRequired":true,"valueName":"search_term_string"}}],"inLanguage":"en-US"},{"@type":"Organization","@id":"https:\/\/www.onniravintolat.fi\/#organization","name":"Onniravintolat","url":"https:\/\/www.onniravintolat.fi\/","logo":{"@type":"ImageObject","inLanguage":"en-US","@id":"https:\/\/www.onniravintolat.fi\/#\/schema\/logo\/image\/","url":"https:\/\/www.onniravintolat.fi\/wp-content\/uploads\/2020\/01\/Onniravintolat-logo-2.png","contentUrl":"https:\/\/www.onniravintolat.fi\/wp-content\/uploads\/2020\/01\/Onniravintolat-logo-2.png","width":1467,"height":1467,"caption":"Onniravintolat"},"image":{"@id":"https:\/\/www.onniravintolat.fi\/#\/schema\/logo\/image\/"}}]}},"_links":{"self":[{"href":"https:\/\/www.onniravintolat.fi\/en\/wp-json\/wp\/v2\/pages\/704","targetHints":{"allow":["GET"]}}],"collection":[{"href":"https:\/\/www.onniravintolat.fi\/en\/wp-json\/wp\/v2\/pages"}],"about":[{"href":"https:\/\/www.onniravintolat.fi\/en\/wp-json\/wp\/v2\/types\/page"}],"author":[{"embeddable":true,"href":"https:\/\/www.onniravintolat.fi\/en\/wp-json\/wp\/v2\/users\/20"}],"replies":[{"embeddable":true,"href":"https:\/\/www.onniravintolat.fi\/en\/wp-json\/wp\/v2\/comments?post=704"}],"version-history":[{"count":22,"href":"https:\/\/www.onniravintolat.fi\/en\/wp-json\/wp\/v2\/pages\/704\/revisions"}],"predecessor-version":[{"id":5201,"href":"https:\/\/www.onniravintolat.fi\/en\/wp-json\/wp\/v2\/pages\/704\/revisions\/5201"}],"up":[{"embeddable":true,"href":"https:\/\/www.onniravintolat.fi\/en\/wp-json\/wp\/v2\/pages\/1454"}],"wp:featuredmedia":[{"embeddable":true,"href":"https:\/\/www.onniravintolat.fi\/en\/wp-json\/wp\/v2\/media\/405"}],"wp:attachment":[{"href":"https:\/\/www.onniravintolat.fi\/en\/wp-json\/wp\/v2\/media?parent=704"}],"curies":[{"name":"wp","href":"https:\/\/api.w.org\/{rel}","templated":true}]}}