{"id":6793,"date":"2023-09-26T09:51:10","date_gmt":"2023-09-26T07:51:10","guid":{"rendered":"https:\/\/www.onniravintolat.fi\/?page_id=6793"},"modified":"2023-09-26T10:45:44","modified_gmt":"2023-09-26T08:45:44","slug":"gate-h11","status":"publish","type":"page","link":"https:\/\/www.onniravintolat.fi\/en\/ravintolat\/gate-h11\/","title":{"rendered":"Gate H11"},"content":{"rendered":"\t\t<div data-elementor-type=\"wp-post\" data-elementor-id=\"6793\" class=\"elementor elementor-6793\" data-elementor-post-type=\"page\">\n\t\t\t\t\t\t<section class=\"elementor-section elementor-top-section elementor-element elementor-element-8d22d97 elementor-section-stretched elementor-section-boxed elementor-section-height-default elementor-section-height-default\" data-id=\"8d22d97\" data-element_type=\"section\" data-e-type=\"section\" data-settings=\"{&quot;stretch_section&quot;:&quot;section-stretched&quot;}\">\n\t\t\t\t\t\t<div class=\"elementor-container elementor-column-gap-wider\">\n\t\t\t\t\t<div class=\"elementor-column elementor-col-100 elementor-top-column elementor-element elementor-element-55ac527\" data-id=\"55ac527\" data-element_type=\"column\" data-e-type=\"column\">\n\t\t\t<div class=\"elementor-widget-wrap elementor-element-populated\">\n\t\t\t\t\t\t<div class=\"elementor-element elementor-element-ad99c49 elementor-widget elementor-widget-image\" data-id=\"ad99c49\" data-element_type=\"widget\" data-e-type=\"widget\" data-widget_type=\"image.default\">\n\t\t\t\t<div class=\"elementor-widget-container\">\n\t\t\t\t\t\t\t\t\t\t\t\t\t\t\t<img fetchpriority=\"high\" decoding=\"async\" width=\"800\" height=\"399\" src=\"https:\/\/www.onniravintolat.fi\/wp-content\/uploads\/2023\/09\/GATE-H11-logo-gold-Kallio.png\" class=\"attachment-large size-large wp-image-6769\" alt=\"\" srcset=\"https:\/\/www.onniravintolat.fi\/wp-content\/uploads\/2023\/09\/GATE-H11-logo-gold-Kallio.png 1024w, https:\/\/www.onniravintolat.fi\/wp-content\/uploads\/2023\/09\/GATE-H11-logo-gold-Kallio-300x150.png 300w, https:\/\/www.onniravintolat.fi\/wp-content\/uploads\/2023\/09\/GATE-H11-logo-gold-Kallio-768x383.png 768w\" sizes=\"(max-width: 800px) 100vw, 800px\" \/>\t\t\t\t\t\t\t\t\t\t\t\t\t\t\t<\/div>\n\t\t\t\t<\/div>\n\t\t\t\t<div class=\"elementor-element elementor-element-38191fc elementor-pagination-position-inside elementor-arrows-position-inside elementor-widget elementor-widget-image-carousel\" data-id=\"38191fc\" data-element_type=\"widget\" data-e-type=\"widget\" data-settings=\"{&quot;slides_to_show&quot;:&quot;1&quot;,&quot;navigation&quot;:&quot;both&quot;,&quot;autoplay&quot;:&quot;yes&quot;,&quot;pause_on_hover&quot;:&quot;yes&quot;,&quot;pause_on_interaction&quot;:&quot;yes&quot;,&quot;autoplay_speed&quot;:5000,&quot;infinite&quot;:&quot;yes&quot;,&quot;effect&quot;:&quot;slide&quot;,&quot;speed&quot;:500}\" data-widget_type=\"image-carousel.default\">\n\t\t\t\t<div class=\"elementor-widget-container\">\n\t\t\t\t\t\t\t<div class=\"elementor-image-carousel-wrapper swiper\" role=\"region\" aria-roledescription=\"carousel\" aria-label=\"Image Carousel\" dir=\"ltr\">\n\t\t\t<div class=\"elementor-image-carousel swiper-wrapper swiper-image-stretch\" aria-live=\"off\">\n\t\t\t\t\t\t\t\t<div class=\"swiper-slide\" role=\"group\" aria-roledescription=\"slide\" aria-label=\"1 of 1\"><figure class=\"swiper-slide-inner\"><img decoding=\"async\" class=\"swiper-slide-image\" src=\"https:\/\/www.onniravintolat.fi\/wp-content\/uploads\/2023\/09\/IMG_3923.png\" alt=\"IMG_3923\" \/><\/figure><\/div>\t\t\t<\/div>\n\t\t\t\t\t<\/div>\n\t\t\t\t\t\t<\/div>\n\t\t\t\t<\/div>\n\t\t\t\t\t<\/div>\n\t\t<\/div>\n\t\t\t\t\t<\/div>\n\t\t<\/section>\n\t\t\t\t<section class=\"elementor-section elementor-top-section elementor-element elementor-element-78502ebb elementor-section-boxed elementor-section-height-default elementor-section-height-default\" data-id=\"78502ebb\" data-element_type=\"section\" data-e-type=\"section\">\n\t\t\t\t\t\t<div class=\"elementor-container elementor-column-gap-default\">\n\t\t\t\t\t<div class=\"elementor-column elementor-col-100 elementor-top-column elementor-element elementor-element-6491879f\" data-id=\"6491879f\" data-element_type=\"column\" data-e-type=\"column\">\n\t\t\t<div class=\"elementor-widget-wrap elementor-element-populated\">\n\t\t\t\t\t\t<div class=\"elementor-element elementor-element-6f0a8c7 elementor-widget elementor-widget-text-editor\" data-id=\"6f0a8c7\" data-element_type=\"widget\" data-e-type=\"widget\" data-widget_type=\"text-editor.default\">\n\t\t\t\t<div class=\"elementor-widget-container\">\n\t\t\t\t\t\t\t\t\t<p><i><b>Good afternoon passengers. This is the pre-boarding announcement for the flight from Gate H11 to social experience like no other.<\/b><\/i><\/p><p>Gate H11 is your destination for quality cocktails and a wide selection of craft beers in the heart of Kallio, Helsinki. Located at Helsinginkatu 11, this industrially inspired bar invites you to unwind in a laid-back atmosphere.<\/p><p>Prepare for takeoff!<\/p>\t\t\t\t\t\t\t\t<\/div>\n\t\t\t\t<\/div>\n\t\t\t\t\t<\/div>\n\t\t<\/div>\n\t\t\t\t\t<\/div>\n\t\t<\/section>\n\t\t\t\t<section class=\"elementor-section elementor-top-section elementor-element elementor-element-282e4ba elementor-section-boxed elementor-section-height-default elementor-section-height-default\" data-id=\"282e4ba\" data-element_type=\"section\" data-e-type=\"section\">\n\t\t\t\t\t\t<div class=\"elementor-container elementor-column-gap-default\">\n\t\t\t\t\t<div class=\"elementor-column elementor-col-100 elementor-top-column elementor-element elementor-element-de0a2f3\" data-id=\"de0a2f3\" data-element_type=\"column\" data-e-type=\"column\">\n\t\t\t<div class=\"elementor-widget-wrap elementor-element-populated\">\n\t\t\t\t\t\t<div class=\"elementor-element elementor-element-11b88a1 elementor-widget elementor-widget-google_maps\" data-id=\"11b88a1\" data-element_type=\"widget\" data-e-type=\"widget\" data-widget_type=\"google_maps.default\">\n\t\t\t\t<div class=\"elementor-widget-container\">\n\t\t\t\t\t\t\t<div class=\"elementor-custom-embed\">\n\t\t\t<iframe loading=\"lazy\"\n\t\t\t\t\tsrc=\"https:\/\/maps.google.com\/maps?q=helsinginkatu%2011&#038;t=m&#038;z=14&#038;output=embed&#038;iwloc=near\"\n\t\t\t\t\ttitle=\"helsinginkatu 11\"\n\t\t\t\t\taria-label=\"helsinginkatu 11\"\n\t\t\t><\/iframe>\n\t\t<\/div>\n\t\t\t\t\t\t<\/div>\n\t\t\t\t<\/div>\n\t\t\t\t\t<\/div>\n\t\t<\/div>\n\t\t\t\t\t<\/div>\n\t\t<\/section>\n\t\t\t\t<section class=\"elementor-section elementor-top-section elementor-element elementor-element-7dad304 elementor-section-boxed elementor-section-height-default elementor-section-height-default\" data-id=\"7dad304\" data-element_type=\"section\" data-e-type=\"section\">\n\t\t\t\t\t\t<div class=\"elementor-container elementor-column-gap-default\">\n\t\t\t\t\t<div class=\"elementor-column elementor-col-100 elementor-top-column elementor-element elementor-element-791b56a\" data-id=\"791b56a\" data-element_type=\"column\" data-e-type=\"column\">\n\t\t\t<div class=\"elementor-widget-wrap elementor-element-populated\">\n\t\t\t\t\t\t<section class=\"elementor-section elementor-inner-section elementor-element elementor-element-0aa1da1 elementor-section-boxed elementor-section-height-default elementor-section-height-default\" data-id=\"0aa1da1\" data-element_type=\"section\" data-e-type=\"section\" data-settings=\"{&quot;background_background&quot;:&quot;classic&quot;}\">\n\t\t\t\t\t\t<div class=\"elementor-container elementor-column-gap-default\">\n\t\t\t\t\t<div class=\"elementor-column elementor-col-50 elementor-inner-column elementor-element elementor-element-0ab6f7c\" data-id=\"0ab6f7c\" data-element_type=\"column\" data-e-type=\"column\">\n\t\t\t<div class=\"elementor-widget-wrap elementor-element-populated\">\n\t\t\t\t\t\t<div class=\"elementor-element elementor-element-dd62e8d elementor-widget elementor-widget-text-editor\" data-id=\"dd62e8d\" data-element_type=\"widget\" data-e-type=\"widget\" data-widget_type=\"text-editor.default\">\n\t\t\t\t<div class=\"elementor-widget-container\">\n\t\t\t\t\t\t\t\t\t<p><b>Contact details<\/b><\/p><p><span>Gate A21<br \/>Helsinginkatu 11<br \/>00500 Helsinki<\/span><\/p><p><span>Puh:<br \/><\/span><span style=\"font-size: inherit;\">S\u00e4hk\u00f6posti:<\/span><\/p>\t\t\t\t\t\t\t\t<\/div>\n\t\t\t\t<\/div>\n\t\t\t\t\t<\/div>\n\t\t<\/div>\n\t\t\t\t<div class=\"elementor-column elementor-col-50 elementor-inner-column elementor-element elementor-element-7c1a71c\" data-id=\"7c1a71c\" data-element_type=\"column\" data-e-type=\"column\">\n\t\t\t<div class=\"elementor-widget-wrap elementor-element-populated\">\n\t\t\t\t\t\t\t<\/div>\n\t\t<\/div>\n\t\t\t\t\t<\/div>\n\t\t<\/section>\n\t\t\t\t\t<\/div>\n\t\t<\/div>\n\t\t\t\t\t<\/div>\n\t\t<\/section>\n\t\t\t\t<section class=\"elementor-section elementor-top-section elementor-element elementor-element-0e6e8db elementor-section-boxed elementor-section-height-default elementor-section-height-default\" data-id=\"0e6e8db\" data-element_type=\"section\" data-e-type=\"section\">\n\t\t\t\t\t\t<div class=\"elementor-container elementor-column-gap-default\">\n\t\t\t\t\t<div class=\"elementor-column elementor-col-100 elementor-top-column elementor-element elementor-element-b50d9af\" data-id=\"b50d9af\" data-element_type=\"column\" data-e-type=\"column\">\n\t\t\t<div class=\"elementor-widget-wrap elementor-element-populated\">\n\t\t\t\t\t\t<div class=\"elementor-element elementor-element-579c13d elementor-shape-circle elementor-grid-0 e-grid-align-center elementor-widget elementor-widget-social-icons\" data-id=\"579c13d\" data-element_type=\"widget\" data-e-type=\"widget\" data-widget_type=\"social-icons.default\">\n\t\t\t\t<div class=\"elementor-widget-container\">\n\t\t\t\t\t\t\t<div class=\"elementor-social-icons-wrapper elementor-grid\" role=\"list\">\n\t\t\t\t\t\t\t<span class=\"elementor-grid-item\" role=\"listitem\">\n\t\t\t\t\t<a class=\"elementor-icon elementor-social-icon elementor-social-icon-facebook-f elementor-repeater-item-aaecd6a\" href=\"https:\/\/www.facebook.com\/gateH11Kallio\" target=\"_blank\">\n\t\t\t\t\t\t<span class=\"elementor-screen-only\">Facebook-f<\/span>\n\t\t\t\t\t\t<i aria-hidden=\"true\" class=\"fab fa-facebook-f\"><\/i>\t\t\t\t\t<\/a>\n\t\t\t\t<\/span>\n\t\t\t\t\t\t\t<span class=\"elementor-grid-item\" role=\"listitem\">\n\t\t\t\t\t<a class=\"elementor-icon elementor-social-icon elementor-social-icon-instagram elementor-repeater-item-a2aac37\" href=\"https:\/\/www.instagram.com\/gateh11kallio\" target=\"_blank\">\n\t\t\t\t\t\t<span class=\"elementor-screen-only\">Instagram<\/span>\n\t\t\t\t\t\t<i aria-hidden=\"true\" class=\"fab fa-instagram\"><\/i>\t\t\t\t\t<\/a>\n\t\t\t\t<\/span>\n\t\t\t\t\t<\/div>\n\t\t\t\t\t\t<\/div>\n\t\t\t\t<\/div>\n\t\t\t\t<div class=\"elementor-element elementor-element-f47eddd elementor-align-center elementor-widget elementor-widget-button\" data-id=\"f47eddd\" data-element_type=\"widget\" data-e-type=\"widget\" data-widget_type=\"button.default\">\n\t\t\t\t<div class=\"elementor-widget-container\">\n\t\t\t\t\t\t\t\t\t<div class=\"elementor-button-wrapper\">\n\t\t\t\t\t<a class=\"elementor-button elementor-button-link elementor-size-lg\" href=\"https:\/\/www.gateh11.fi\/\">\n\t\t\t\t\t\t<span class=\"elementor-button-content-wrapper\">\n\t\t\t\t\t\t<span class=\"elementor-button-icon\">\n\t\t\t\t<i aria-hidden=\"true\" class=\"fas fa-angle-right\"><\/i>\t\t\t<\/span>\n\t\t\t\t\t\t\t\t\t<span class=\"elementor-button-text\">Read more: gateh11.fi<\/span>\n\t\t\t\t\t<\/span>\n\t\t\t\t\t<\/a>\n\t\t\t\t<\/div>\n\t\t\t\t\t\t\t\t<\/div>\n\t\t\t\t<\/div>\n\t\t\t\t\t<\/div>\n\t\t<\/div>\n\t\t\t\t\t<\/div>\n\t\t<\/section>\n\t\t\t\t<section class=\"elementor-section elementor-top-section elementor-element elementor-element-7ff9fa3 elementor-section-boxed elementor-section-height-default elementor-section-height-default\" data-id=\"7ff9fa3\" data-element_type=\"section\" data-e-type=\"section\">\n\t\t\t\t\t\t<div class=\"elementor-container elementor-column-gap-default\">\n\t\t\t\t\t<div class=\"elementor-column elementor-col-100 elementor-top-column elementor-element elementor-element-64ac3d2\" data-id=\"64ac3d2\" data-element_type=\"column\" data-e-type=\"column\">\n\t\t\t<div class=\"elementor-widget-wrap\">\n\t\t\t\t\t\t\t<\/div>\n\t\t<\/div>\n\t\t\t\t\t<\/div>\n\t\t<\/section>\n\t\t\t\t<\/div>\n\t\t","protected":false},"excerpt":{"rendered":"<p>Good afternoon passengers. This is the pre-boarding announcement for the flight from Gate H11 to social experience like no other. Gate H11 is your destination for quality cocktails and a wide selection of craft beers in the heart of Kallio, Helsinki. Located at Helsinginkatu 11, this industrially inspired bar invites you to unwind in a [&hellip;]<\/p>\n","protected":false},"author":22,"featured_media":0,"parent":1454,"menu_order":0,"comment_status":"closed","ping_status":"closed","template":"elementor_theme","meta":{"footnotes":""},"class_list":["post-6793","page","type-page","status-publish","hentry"],"yoast_head":"<!-- This site is optimized with the Yoast SEO plugin v27.4 - https:\/\/yoast.com\/product\/yoast-seo-wordpress\/ -->\n<title>Gate H11 - Onniravintolat<\/title>\n<meta name=\"robots\" content=\"index, follow, max-snippet:-1, max-image-preview:large, max-video-preview:-1\" \/>\n<link rel=\"canonical\" href=\"https:\/\/www.onniravintolat.fi\/en\/ravintolat\/gate-h11\/\" \/>\n<meta property=\"og:locale\" content=\"en_US\" \/>\n<meta property=\"og:type\" content=\"article\" \/>\n<meta property=\"og:title\" content=\"Gate H11 - Onniravintolat\" \/>\n<meta property=\"og:description\" content=\"Good afternoon passengers. This is the pre-boarding announcement for the flight from Gate H11 to social experience like no other. Gate H11 is your destination for quality cocktails and a wide selection of craft beers in the heart of Kallio, Helsinki. Located at Helsinginkatu 11, this industrially inspired bar invites you to unwind in a [&hellip;]\" \/>\n<meta property=\"og:url\" content=\"https:\/\/www.onniravintolat.fi\/en\/ravintolat\/gate-h11\/\" \/>\n<meta property=\"og:site_name\" content=\"Onniravintolat\" \/>\n<meta property=\"article:modified_time\" content=\"2023-09-26T08:45:44+00:00\" \/>\n<meta property=\"og:image\" content=\"https:\/\/www.onniravintolat.fi\/wp-content\/uploads\/2023\/09\/GATE-H11-logo-gold-Kallio.png\" \/>\n<meta name=\"twitter:card\" content=\"summary_large_image\" \/>\n<meta name=\"twitter:label1\" content=\"Est. reading time\" \/>\n\t<meta name=\"twitter:data1\" content=\"1 minute\" \/>\n<script type=\"application\/ld+json\" class=\"yoast-schema-graph\">{\"@context\":\"https:\\\/\\\/schema.org\",\"@graph\":[{\"@type\":\"WebPage\",\"@id\":\"https:\\\/\\\/www.onniravintolat.fi\\\/en\\\/ravintolat\\\/gate-h11\\\/\",\"url\":\"https:\\\/\\\/www.onniravintolat.fi\\\/en\\\/ravintolat\\\/gate-h11\\\/\",\"name\":\"Gate H11 - Onniravintolat\",\"isPartOf\":{\"@id\":\"https:\\\/\\\/www.onniravintolat.fi\\\/#website\"},\"primaryImageOfPage\":{\"@id\":\"https:\\\/\\\/www.onniravintolat.fi\\\/en\\\/ravintolat\\\/gate-h11\\\/#primaryimage\"},\"image\":{\"@id\":\"https:\\\/\\\/www.onniravintolat.fi\\\/en\\\/ravintolat\\\/gate-h11\\\/#primaryimage\"},\"thumbnailUrl\":\"https:\\\/\\\/www.onniravintolat.fi\\\/wp-content\\\/uploads\\\/2023\\\/09\\\/GATE-H11-logo-gold-Kallio.png\",\"datePublished\":\"2023-09-26T07:51:10+00:00\",\"dateModified\":\"2023-09-26T08:45:44+00:00\",\"breadcrumb\":{\"@id\":\"https:\\\/\\\/www.onniravintolat.fi\\\/en\\\/ravintolat\\\/gate-h11\\\/#breadcrumb\"},\"inLanguage\":\"en-US\",\"potentialAction\":[{\"@type\":\"ReadAction\",\"target\":[\"https:\\\/\\\/www.onniravintolat.fi\\\/en\\\/ravintolat\\\/gate-h11\\\/\"]}]},{\"@type\":\"ImageObject\",\"inLanguage\":\"en-US\",\"@id\":\"https:\\\/\\\/www.onniravintolat.fi\\\/en\\\/ravintolat\\\/gate-h11\\\/#primaryimage\",\"url\":\"https:\\\/\\\/www.onniravintolat.fi\\\/wp-content\\\/uploads\\\/2023\\\/09\\\/GATE-H11-logo-gold-Kallio.png\",\"contentUrl\":\"https:\\\/\\\/www.onniravintolat.fi\\\/wp-content\\\/uploads\\\/2023\\\/09\\\/GATE-H11-logo-gold-Kallio.png\"},{\"@type\":\"BreadcrumbList\",\"@id\":\"https:\\\/\\\/www.onniravintolat.fi\\\/en\\\/ravintolat\\\/gate-h11\\\/#breadcrumb\",\"itemListElement\":[{\"@type\":\"ListItem\",\"position\":1,\"name\":\"Etusivu\",\"item\":\"https:\\\/\\\/www.onniravintolat.fi\\\/\"},{\"@type\":\"ListItem\",\"position\":2,\"name\":\"Our restaurants\",\"item\":\"https:\\\/\\\/www.onniravintolat.fi\\\/en\\\/ravintolat\\\/\"},{\"@type\":\"ListItem\",\"position\":3,\"name\":\"Gate H11\"}]},{\"@type\":\"WebSite\",\"@id\":\"https:\\\/\\\/www.onniravintolat.fi\\\/#website\",\"url\":\"https:\\\/\\\/www.onniravintolat.fi\\\/\",\"name\":\"Onniravintolat\",\"description\":\"Onnellisia hetki\u00e4 l\u00e4hell\u00e4si.\",\"publisher\":{\"@id\":\"https:\\\/\\\/www.onniravintolat.fi\\\/#organization\"},\"potentialAction\":[{\"@type\":\"SearchAction\",\"target\":{\"@type\":\"EntryPoint\",\"urlTemplate\":\"https:\\\/\\\/www.onniravintolat.fi\\\/?s={search_term_string}\"},\"query-input\":{\"@type\":\"PropertyValueSpecification\",\"valueRequired\":true,\"valueName\":\"search_term_string\"}}],\"inLanguage\":\"en-US\"},{\"@type\":\"Organization\",\"@id\":\"https:\\\/\\\/www.onniravintolat.fi\\\/#organization\",\"name\":\"Onniravintolat\",\"url\":\"https:\\\/\\\/www.onniravintolat.fi\\\/\",\"logo\":{\"@type\":\"ImageObject\",\"inLanguage\":\"en-US\",\"@id\":\"https:\\\/\\\/www.onniravintolat.fi\\\/#\\\/schema\\\/logo\\\/image\\\/\",\"url\":\"https:\\\/\\\/www.onniravintolat.fi\\\/wp-content\\\/uploads\\\/2020\\\/01\\\/Onniravintolat-logo-2.png\",\"contentUrl\":\"https:\\\/\\\/www.onniravintolat.fi\\\/wp-content\\\/uploads\\\/2020\\\/01\\\/Onniravintolat-logo-2.png\",\"width\":1467,\"height\":1467,\"caption\":\"Onniravintolat\"},\"image\":{\"@id\":\"https:\\\/\\\/www.onniravintolat.fi\\\/#\\\/schema\\\/logo\\\/image\\\/\"}}]}<\/script>\n<!-- \/ Yoast SEO plugin. -->","yoast_head_json":{"title":"Gate H11 - Onniravintolat","robots":{"index":"index","follow":"follow","max-snippet":"max-snippet:-1","max-image-preview":"max-image-preview:large","max-video-preview":"max-video-preview:-1"},"canonical":"https:\/\/www.onniravintolat.fi\/en\/ravintolat\/gate-h11\/","og_locale":"en_US","og_type":"article","og_title":"Gate H11 - Onniravintolat","og_description":"Good afternoon passengers. This is the pre-boarding announcement for the flight from Gate H11 to social experience like no other. Gate H11 is your destination for quality cocktails and a wide selection of craft beers in the heart of Kallio, Helsinki. Located at Helsinginkatu 11, this industrially inspired bar invites you to unwind in a [&hellip;]","og_url":"https:\/\/www.onniravintolat.fi\/en\/ravintolat\/gate-h11\/","og_site_name":"Onniravintolat","article_modified_time":"2023-09-26T08:45:44+00:00","og_image":[{"url":"https:\/\/www.onniravintolat.fi\/wp-content\/uploads\/2023\/09\/GATE-H11-logo-gold-Kallio.png","type":"","width":"","height":""}],"twitter_card":"summary_large_image","twitter_misc":{"Est. reading time":"1 minute"},"schema":{"@context":"https:\/\/schema.org","@graph":[{"@type":"WebPage","@id":"https:\/\/www.onniravintolat.fi\/en\/ravintolat\/gate-h11\/","url":"https:\/\/www.onniravintolat.fi\/en\/ravintolat\/gate-h11\/","name":"Gate H11 - Onniravintolat","isPartOf":{"@id":"https:\/\/www.onniravintolat.fi\/#website"},"primaryImageOfPage":{"@id":"https:\/\/www.onniravintolat.fi\/en\/ravintolat\/gate-h11\/#primaryimage"},"image":{"@id":"https:\/\/www.onniravintolat.fi\/en\/ravintolat\/gate-h11\/#primaryimage"},"thumbnailUrl":"https:\/\/www.onniravintolat.fi\/wp-content\/uploads\/2023\/09\/GATE-H11-logo-gold-Kallio.png","datePublished":"2023-09-26T07:51:10+00:00","dateModified":"2023-09-26T08:45:44+00:00","breadcrumb":{"@id":"https:\/\/www.onniravintolat.fi\/en\/ravintolat\/gate-h11\/#breadcrumb"},"inLanguage":"en-US","potentialAction":[{"@type":"ReadAction","target":["https:\/\/www.onniravintolat.fi\/en\/ravintolat\/gate-h11\/"]}]},{"@type":"ImageObject","inLanguage":"en-US","@id":"https:\/\/www.onniravintolat.fi\/en\/ravintolat\/gate-h11\/#primaryimage","url":"https:\/\/www.onniravintolat.fi\/wp-content\/uploads\/2023\/09\/GATE-H11-logo-gold-Kallio.png","contentUrl":"https:\/\/www.onniravintolat.fi\/wp-content\/uploads\/2023\/09\/GATE-H11-logo-gold-Kallio.png"},{"@type":"BreadcrumbList","@id":"https:\/\/www.onniravintolat.fi\/en\/ravintolat\/gate-h11\/#breadcrumb","itemListElement":[{"@type":"ListItem","position":1,"name":"Etusivu","item":"https:\/\/www.onniravintolat.fi\/"},{"@type":"ListItem","position":2,"name":"Our restaurants","item":"https:\/\/www.onniravintolat.fi\/en\/ravintolat\/"},{"@type":"ListItem","position":3,"name":"Gate H11"}]},{"@type":"WebSite","@id":"https:\/\/www.onniravintolat.fi\/#website","url":"https:\/\/www.onniravintolat.fi\/","name":"Onniravintolat","description":"Onnellisia hetki\u00e4 l\u00e4hell\u00e4si.","publisher":{"@id":"https:\/\/www.onniravintolat.fi\/#organization"},"potentialAction":[{"@type":"SearchAction","target":{"@type":"EntryPoint","urlTemplate":"https:\/\/www.onniravintolat.fi\/?s={search_term_string}"},"query-input":{"@type":"PropertyValueSpecification","valueRequired":true,"valueName":"search_term_string"}}],"inLanguage":"en-US"},{"@type":"Organization","@id":"https:\/\/www.onniravintolat.fi\/#organization","name":"Onniravintolat","url":"https:\/\/www.onniravintolat.fi\/","logo":{"@type":"ImageObject","inLanguage":"en-US","@id":"https:\/\/www.onniravintolat.fi\/#\/schema\/logo\/image\/","url":"https:\/\/www.onniravintolat.fi\/wp-content\/uploads\/2020\/01\/Onniravintolat-logo-2.png","contentUrl":"https:\/\/www.onniravintolat.fi\/wp-content\/uploads\/2020\/01\/Onniravintolat-logo-2.png","width":1467,"height":1467,"caption":"Onniravintolat"},"image":{"@id":"https:\/\/www.onniravintolat.fi\/#\/schema\/logo\/image\/"}}]}},"_links":{"self":[{"href":"https:\/\/www.onniravintolat.fi\/en\/wp-json\/wp\/v2\/pages\/6793","targetHints":{"allow":["GET"]}}],"collection":[{"href":"https:\/\/www.onniravintolat.fi\/en\/wp-json\/wp\/v2\/pages"}],"about":[{"href":"https:\/\/www.onniravintolat.fi\/en\/wp-json\/wp\/v2\/types\/page"}],"author":[{"embeddable":true,"href":"https:\/\/www.onniravintolat.fi\/en\/wp-json\/wp\/v2\/users\/22"}],"replies":[{"embeddable":true,"href":"https:\/\/www.onniravintolat.fi\/en\/wp-json\/wp\/v2\/comments?post=6793"}],"version-history":[{"count":5,"href":"https:\/\/www.onniravintolat.fi\/en\/wp-json\/wp\/v2\/pages\/6793\/revisions"}],"predecessor-version":[{"id":6812,"href":"https:\/\/www.onniravintolat.fi\/en\/wp-json\/wp\/v2\/pages\/6793\/revisions\/6812"}],"up":[{"embeddable":true,"href":"https:\/\/www.onniravintolat.fi\/en\/wp-json\/wp\/v2\/pages\/1454"}],"wp:attachment":[{"href":"https:\/\/www.onniravintolat.fi\/en\/wp-json\/wp\/v2\/media?parent=6793"}],"curies":[{"name":"wp","href":"https:\/\/api.w.org\/{rel}","templated":true}]}}