{"id":309,"date":"2019-01-03T09:48:03","date_gmt":"2019-01-03T07:48:03","guid":{"rendered":"https:\/\/www.onniravintolat.fi\/yhteystiedot\/"},"modified":"2024-06-11T13:11:30","modified_gmt":"2024-06-11T11:11:30","slug":"yhteystiedot","status":"publish","type":"page","link":"https:\/\/www.onniravintolat.fi\/en\/yhteystiedot\/","title":{"rendered":"Contact"},"content":{"rendered":"\t\t<div data-elementor-type=\"wp-post\" data-elementor-id=\"309\" class=\"elementor elementor-309\" data-elementor-post-type=\"page\">\n\t\t\t\t\t\t<section class=\"elementor-section elementor-top-section elementor-element elementor-element-29be85f6 elementor-section-boxed elementor-section-height-default elementor-section-height-default\" data-id=\"29be85f6\" data-element_type=\"section\" data-e-type=\"section\">\n\t\t\t\t\t\t<div class=\"elementor-container elementor-column-gap-default\">\n\t\t\t\t\t<div class=\"elementor-column elementor-col-100 elementor-top-column elementor-element elementor-element-c93a6ea\" data-id=\"c93a6ea\" data-element_type=\"column\" data-e-type=\"column\">\n\t\t\t<div class=\"elementor-widget-wrap elementor-element-populated\">\n\t\t\t\t\t\t<div class=\"elementor-element elementor-element-a8bac5d elementor-widget elementor-widget-text-editor\" data-id=\"a8bac5d\" data-element_type=\"widget\" data-e-type=\"widget\" data-widget_type=\"text-editor.default\">\n\t\t\t\t<div class=\"elementor-widget-container\">\n\t\t\t\t\t\t\t\t\t<h2>Office<\/h2><p>Malminkaari 5 B, 2.krs<br \/>00700 Helsinki<br \/><a href=\"mailto:toimisto@onniravintolat.fi\">toimisto@onniravintolat.fi<\/a><\/p><p><iframe loading=\"lazy\" src=\"https:\/\/maps.google.com\/maps?q=Eskolantie%201%2C%2000720%20helsinki&amp;t=m&amp;z=10&amp;output=embed&amp;iwloc=near\" title=\"Eskolantie 1, 00720 helsinki\" aria-label=\"Eskolantie 1, 00720 helsinki\"><\/iframe><\/p><p><strong>Sher Jang Singh<\/strong><br \/>Founder<br \/><a href=\"mailto:jang.singh@onniravintolat.fi\" target=\"_blank\" rel=\"noopener\">jang.singh@<wbr \/>onniravintolat.fi<\/a>\u00a0<br \/>\u00a0<\/p><p><strong>Gianjot &#8220;Dollar&#8221; Singh<\/strong><br \/>Managing Director<br \/><a href=\"mailto:dollar.singh@onniravintolat.fi\">dollar.singh@onniravintolat.fi<\/a><br \/><strong><br \/><\/strong><\/p><p><strong>Toni Susi<\/strong><\/p><p>Head of Operations<br \/><a rel=\"noreferrer noopener\" href=\"mailto:toni.susi@onniravintolat.fi\" target=\"_blank\" style=\"background-color: #ffffff; transition-property: all;\">toni.susi@onniravintolat.fi<\/a><br \/>+ 358 (0)40 059 1898\u00a0<\/p><p><strong>Tommi Kareisto<\/strong><\/p><p>Head of Operations<br style=\"font-family: Roboto, sans-serif;\" \/><a rel=\"noreferrer noopener\" href=\"mailto:toni.susi@onniravintolat.fi\" target=\"_blank\" style=\"background-color: #ffffff; transition-property: all;\">tommi.kareisto@onniravintolat.fi<\/a><br style=\"font-family: Roboto, sans-serif;\" \/>+ 358 (0)40 762 2675<\/p><p><\/p>\t\t\t\t\t\t\t\t<\/div>\n\t\t\t\t<\/div>\n\t\t\t\t\t<\/div>\n\t\t<\/div>\n\t\t\t\t\t<\/div>\n\t\t<\/section>\n\t\t\t\t<\/div>\n\t\t","protected":false},"excerpt":{"rendered":"<p>Office Malminkaari 5 B, 2.krs00700 Helsinkitoimisto@onniravintolat.fi Sher Jang SinghFounderjang.singh@onniravintolat.fi\u00a0\u00a0 Gianjot &#8220;Dollar&#8221; SinghManaging Directordollar.singh@onniravintolat.fi Toni Susi Head of Operationstoni.susi@onniravintolat.fi+ 358 (0)40 059 1898\u00a0 Tommi Kareisto Head of Operationstommi.kareisto@onniravintolat.fi+ 358 (0)40 762 2675<\/p>\n","protected":false},"author":20,"featured_media":3929,"parent":0,"menu_order":0,"comment_status":"closed","ping_status":"closed","template":"elementor_theme","meta":{"footnotes":""},"class_list":["post-309","page","type-page","status-publish","has-post-thumbnail","hentry"],"yoast_head":"<!-- This site is optimized with the Yoast SEO plugin v27.4 - https:\/\/yoast.com\/product\/yoast-seo-wordpress\/ -->\n<title>Contact - Onniravintolat<\/title>\n<meta name=\"robots\" content=\"index, follow, max-snippet:-1, max-image-preview:large, max-video-preview:-1\" \/>\n<link rel=\"canonical\" href=\"https:\/\/www.onniravintolat.fi\/en\/yhteystiedot\/\" \/>\n<meta property=\"og:locale\" content=\"en_US\" \/>\n<meta property=\"og:type\" content=\"article\" \/>\n<meta property=\"og:title\" content=\"Contact - Onniravintolat\" \/>\n<meta property=\"og:description\" content=\"Office Malminkaari 5 B, 2.krs00700 Helsinkitoimisto@onniravintolat.fi Sher Jang SinghFounderjang.singh@onniravintolat.fi\u00a0\u00a0 Gianjot &#8220;Dollar&#8221; SinghManaging Directordollar.singh@onniravintolat.fi Toni Susi Head of Operationstoni.susi@onniravintolat.fi+ 358 (0)40 059 1898\u00a0 Tommi Kareisto Head of Operationstommi.kareisto@onniravintolat.fi+ 358 (0)40 762 2675\" \/>\n<meta property=\"og:url\" content=\"https:\/\/www.onniravintolat.fi\/en\/yhteystiedot\/\" \/>\n<meta property=\"og:site_name\" content=\"Onniravintolat\" \/>\n<meta property=\"article:modified_time\" content=\"2024-06-11T11:11:30+00:00\" \/>\n<meta property=\"og:image\" content=\"https:\/\/www.onniravintolat.fi\/wp-content\/uploads\/2019\/03\/pinkitys_gate.jpg\" \/>\n\t<meta property=\"og:image:width\" content=\"1600\" \/>\n\t<meta property=\"og:image:height\" content=\"706\" \/>\n\t<meta property=\"og:image:type\" content=\"image\/jpeg\" \/>\n<meta name=\"twitter:card\" content=\"summary_large_image\" \/>\n<meta name=\"twitter:label1\" content=\"Est. reading time\" \/>\n\t<meta name=\"twitter:data1\" content=\"1 minute\" \/>\n<script type=\"application\/ld+json\" class=\"yoast-schema-graph\">{\"@context\":\"https:\\\/\\\/schema.org\",\"@graph\":[{\"@type\":\"WebPage\",\"@id\":\"https:\\\/\\\/www.onniravintolat.fi\\\/en\\\/yhteystiedot\\\/\",\"url\":\"https:\\\/\\\/www.onniravintolat.fi\\\/en\\\/yhteystiedot\\\/\",\"name\":\"Contact - Onniravintolat\",\"isPartOf\":{\"@id\":\"https:\\\/\\\/www.onniravintolat.fi\\\/#website\"},\"primaryImageOfPage\":{\"@id\":\"https:\\\/\\\/www.onniravintolat.fi\\\/en\\\/yhteystiedot\\\/#primaryimage\"},\"image\":{\"@id\":\"https:\\\/\\\/www.onniravintolat.fi\\\/en\\\/yhteystiedot\\\/#primaryimage\"},\"thumbnailUrl\":\"https:\\\/\\\/www.onniravintolat.fi\\\/wp-content\\\/uploads\\\/2019\\\/03\\\/pinkitys_gate.jpg\",\"datePublished\":\"2019-01-03T07:48:03+00:00\",\"dateModified\":\"2024-06-11T11:11:30+00:00\",\"breadcrumb\":{\"@id\":\"https:\\\/\\\/www.onniravintolat.fi\\\/en\\\/yhteystiedot\\\/#breadcrumb\"},\"inLanguage\":\"en-US\",\"potentialAction\":[{\"@type\":\"ReadAction\",\"target\":[\"https:\\\/\\\/www.onniravintolat.fi\\\/en\\\/yhteystiedot\\\/\"]}]},{\"@type\":\"ImageObject\",\"inLanguage\":\"en-US\",\"@id\":\"https:\\\/\\\/www.onniravintolat.fi\\\/en\\\/yhteystiedot\\\/#primaryimage\",\"url\":\"https:\\\/\\\/www.onniravintolat.fi\\\/wp-content\\\/uploads\\\/2019\\\/03\\\/pinkitys_gate.jpg\",\"contentUrl\":\"https:\\\/\\\/www.onniravintolat.fi\\\/wp-content\\\/uploads\\\/2019\\\/03\\\/pinkitys_gate.jpg\",\"width\":1600,\"height\":706},{\"@type\":\"BreadcrumbList\",\"@id\":\"https:\\\/\\\/www.onniravintolat.fi\\\/en\\\/yhteystiedot\\\/#breadcrumb\",\"itemListElement\":[{\"@type\":\"ListItem\",\"position\":1,\"name\":\"Etusivu\",\"item\":\"https:\\\/\\\/www.onniravintolat.fi\\\/\"},{\"@type\":\"ListItem\",\"position\":2,\"name\":\"Contact\"}]},{\"@type\":\"WebSite\",\"@id\":\"https:\\\/\\\/www.onniravintolat.fi\\\/#website\",\"url\":\"https:\\\/\\\/www.onniravintolat.fi\\\/\",\"name\":\"Onniravintolat\",\"description\":\"Onnellisia hetki\u00e4 l\u00e4hell\u00e4si.\",\"publisher\":{\"@id\":\"https:\\\/\\\/www.onniravintolat.fi\\\/#organization\"},\"potentialAction\":[{\"@type\":\"SearchAction\",\"target\":{\"@type\":\"EntryPoint\",\"urlTemplate\":\"https:\\\/\\\/www.onniravintolat.fi\\\/?s={search_term_string}\"},\"query-input\":{\"@type\":\"PropertyValueSpecification\",\"valueRequired\":true,\"valueName\":\"search_term_string\"}}],\"inLanguage\":\"en-US\"},{\"@type\":\"Organization\",\"@id\":\"https:\\\/\\\/www.onniravintolat.fi\\\/#organization\",\"name\":\"Onniravintolat\",\"url\":\"https:\\\/\\\/www.onniravintolat.fi\\\/\",\"logo\":{\"@type\":\"ImageObject\",\"inLanguage\":\"en-US\",\"@id\":\"https:\\\/\\\/www.onniravintolat.fi\\\/#\\\/schema\\\/logo\\\/image\\\/\",\"url\":\"https:\\\/\\\/www.onniravintolat.fi\\\/wp-content\\\/uploads\\\/2020\\\/01\\\/Onniravintolat-logo-2.png\",\"contentUrl\":\"https:\\\/\\\/www.onniravintolat.fi\\\/wp-content\\\/uploads\\\/2020\\\/01\\\/Onniravintolat-logo-2.png\",\"width\":1467,\"height\":1467,\"caption\":\"Onniravintolat\"},\"image\":{\"@id\":\"https:\\\/\\\/www.onniravintolat.fi\\\/#\\\/schema\\\/logo\\\/image\\\/\"}}]}<\/script>\n<!-- \/ Yoast SEO plugin. -->","yoast_head_json":{"title":"Contact - Onniravintolat","robots":{"index":"index","follow":"follow","max-snippet":"max-snippet:-1","max-image-preview":"max-image-preview:large","max-video-preview":"max-video-preview:-1"},"canonical":"https:\/\/www.onniravintolat.fi\/en\/yhteystiedot\/","og_locale":"en_US","og_type":"article","og_title":"Contact - Onniravintolat","og_description":"Office Malminkaari 5 B, 2.krs00700 Helsinkitoimisto@onniravintolat.fi Sher Jang SinghFounderjang.singh@onniravintolat.fi\u00a0\u00a0 Gianjot &#8220;Dollar&#8221; SinghManaging Directordollar.singh@onniravintolat.fi Toni Susi Head of Operationstoni.susi@onniravintolat.fi+ 358 (0)40 059 1898\u00a0 Tommi Kareisto Head of Operationstommi.kareisto@onniravintolat.fi+ 358 (0)40 762 2675","og_url":"https:\/\/www.onniravintolat.fi\/en\/yhteystiedot\/","og_site_name":"Onniravintolat","article_modified_time":"2024-06-11T11:11:30+00:00","og_image":[{"width":1600,"height":706,"url":"https:\/\/www.onniravintolat.fi\/wp-content\/uploads\/2019\/03\/pinkitys_gate.jpg","type":"image\/jpeg"}],"twitter_card":"summary_large_image","twitter_misc":{"Est. reading time":"1 minute"},"schema":{"@context":"https:\/\/schema.org","@graph":[{"@type":"WebPage","@id":"https:\/\/www.onniravintolat.fi\/en\/yhteystiedot\/","url":"https:\/\/www.onniravintolat.fi\/en\/yhteystiedot\/","name":"Contact - Onniravintolat","isPartOf":{"@id":"https:\/\/www.onniravintolat.fi\/#website"},"primaryImageOfPage":{"@id":"https:\/\/www.onniravintolat.fi\/en\/yhteystiedot\/#primaryimage"},"image":{"@id":"https:\/\/www.onniravintolat.fi\/en\/yhteystiedot\/#primaryimage"},"thumbnailUrl":"https:\/\/www.onniravintolat.fi\/wp-content\/uploads\/2019\/03\/pinkitys_gate.jpg","datePublished":"2019-01-03T07:48:03+00:00","dateModified":"2024-06-11T11:11:30+00:00","breadcrumb":{"@id":"https:\/\/www.onniravintolat.fi\/en\/yhteystiedot\/#breadcrumb"},"inLanguage":"en-US","potentialAction":[{"@type":"ReadAction","target":["https:\/\/www.onniravintolat.fi\/en\/yhteystiedot\/"]}]},{"@type":"ImageObject","inLanguage":"en-US","@id":"https:\/\/www.onniravintolat.fi\/en\/yhteystiedot\/#primaryimage","url":"https:\/\/www.onniravintolat.fi\/wp-content\/uploads\/2019\/03\/pinkitys_gate.jpg","contentUrl":"https:\/\/www.onniravintolat.fi\/wp-content\/uploads\/2019\/03\/pinkitys_gate.jpg","width":1600,"height":706},{"@type":"BreadcrumbList","@id":"https:\/\/www.onniravintolat.fi\/en\/yhteystiedot\/#breadcrumb","itemListElement":[{"@type":"ListItem","position":1,"name":"Etusivu","item":"https:\/\/www.onniravintolat.fi\/"},{"@type":"ListItem","position":2,"name":"Contact"}]},{"@type":"WebSite","@id":"https:\/\/www.onniravintolat.fi\/#website","url":"https:\/\/www.onniravintolat.fi\/","name":"Onniravintolat","description":"Onnellisia hetki\u00e4 l\u00e4hell\u00e4si.","publisher":{"@id":"https:\/\/www.onniravintolat.fi\/#organization"},"potentialAction":[{"@type":"SearchAction","target":{"@type":"EntryPoint","urlTemplate":"https:\/\/www.onniravintolat.fi\/?s={search_term_string}"},"query-input":{"@type":"PropertyValueSpecification","valueRequired":true,"valueName":"search_term_string"}}],"inLanguage":"en-US"},{"@type":"Organization","@id":"https:\/\/www.onniravintolat.fi\/#organization","name":"Onniravintolat","url":"https:\/\/www.onniravintolat.fi\/","logo":{"@type":"ImageObject","inLanguage":"en-US","@id":"https:\/\/www.onniravintolat.fi\/#\/schema\/logo\/image\/","url":"https:\/\/www.onniravintolat.fi\/wp-content\/uploads\/2020\/01\/Onniravintolat-logo-2.png","contentUrl":"https:\/\/www.onniravintolat.fi\/wp-content\/uploads\/2020\/01\/Onniravintolat-logo-2.png","width":1467,"height":1467,"caption":"Onniravintolat"},"image":{"@id":"https:\/\/www.onniravintolat.fi\/#\/schema\/logo\/image\/"}}]}},"_links":{"self":[{"href":"https:\/\/www.onniravintolat.fi\/en\/wp-json\/wp\/v2\/pages\/309","targetHints":{"allow":["GET"]}}],"collection":[{"href":"https:\/\/www.onniravintolat.fi\/en\/wp-json\/wp\/v2\/pages"}],"about":[{"href":"https:\/\/www.onniravintolat.fi\/en\/wp-json\/wp\/v2\/types\/page"}],"author":[{"embeddable":true,"href":"https:\/\/www.onniravintolat.fi\/en\/wp-json\/wp\/v2\/users\/20"}],"replies":[{"embeddable":true,"href":"https:\/\/www.onniravintolat.fi\/en\/wp-json\/wp\/v2\/comments?post=309"}],"version-history":[{"count":30,"href":"https:\/\/www.onniravintolat.fi\/en\/wp-json\/wp\/v2\/pages\/309\/revisions"}],"predecessor-version":[{"id":7435,"href":"https:\/\/www.onniravintolat.fi\/en\/wp-json\/wp\/v2\/pages\/309\/revisions\/7435"}],"wp:featuredmedia":[{"embeddable":true,"href":"https:\/\/www.onniravintolat.fi\/en\/wp-json\/wp\/v2\/media\/3929"}],"wp:attachment":[{"href":"https:\/\/www.onniravintolat.fi\/en\/wp-json\/wp\/v2\/media?parent=309"}],"curies":[{"name":"wp","href":"https:\/\/api.w.org\/{rel}","templated":true}]}}