{"id":1099,"date":"2019-01-22T11:33:34","date_gmt":"2019-01-22T09:33:34","guid":{"rendered":"https:\/\/www.onniravintolat.fi\/ravintola-mexi\/"},"modified":"2019-03-14T11:01:58","modified_gmt":"2019-03-14T09:01:58","slug":"ravintola-mexi","status":"publish","type":"page","link":"https:\/\/www.onniravintolat.fi\/en\/ravintolat\/ravintola-mexi\/","title":{"rendered":"Ravintola Mexi"},"content":{"rendered":"\t\t<div data-elementor-type=\"wp-post\" data-elementor-id=\"1099\" class=\"elementor elementor-1099\" data-elementor-post-type=\"page\">\n\t\t\t\t\t\t<section class=\"elementor-section elementor-top-section elementor-element elementor-element-6d44756 elementor-section-boxed elementor-section-height-default elementor-section-height-default\" data-id=\"6d44756\" data-element_type=\"section\" data-e-type=\"section\">\n\t\t\t\t\t\t<div class=\"elementor-container elementor-column-gap-default\">\n\t\t\t\t\t<div class=\"elementor-column elementor-col-100 elementor-top-column elementor-element elementor-element-bae84ef\" data-id=\"bae84ef\" data-element_type=\"column\" data-e-type=\"column\">\n\t\t\t<div class=\"elementor-widget-wrap elementor-element-populated\">\n\t\t\t\t\t\t<div class=\"elementor-element elementor-element-ae87b4f elementor-widget elementor-widget-image\" data-id=\"ae87b4f\" data-element_type=\"widget\" data-e-type=\"widget\" data-widget_type=\"image.default\">\n\t\t\t\t<div class=\"elementor-widget-container\">\n\t\t\t\t\t\t\t\t\t\t\t\t\t\t\t<img fetchpriority=\"high\" decoding=\"async\" width=\"500\" height=\"500\" src=\"https:\/\/www.onniravintolat.fi\/wp-content\/uploads\/2019\/03\/MEXI-logo.png\" class=\"attachment-large size-large wp-image-2774\" alt=\"\" srcset=\"https:\/\/www.onniravintolat.fi\/wp-content\/uploads\/2019\/03\/MEXI-logo.png 500w, https:\/\/www.onniravintolat.fi\/wp-content\/uploads\/2019\/03\/MEXI-logo-150x150.png 150w, https:\/\/www.onniravintolat.fi\/wp-content\/uploads\/2019\/03\/MEXI-logo-300x300.png 300w\" sizes=\"(max-width: 500px) 100vw, 500px\" \/>\t\t\t\t\t\t\t\t\t\t\t\t\t\t\t<\/div>\n\t\t\t\t<\/div>\n\t\t\t\t\t<\/div>\n\t\t<\/div>\n\t\t\t\t\t<\/div>\n\t\t<\/section>\n\t\t\t\t<section class=\"elementor-section elementor-top-section elementor-element elementor-element-2ce35bc elementor-section-boxed elementor-section-height-default elementor-section-height-default\" data-id=\"2ce35bc\" data-element_type=\"section\" data-e-type=\"section\">\n\t\t\t\t\t\t<div class=\"elementor-container elementor-column-gap-default\">\n\t\t\t\t\t<div class=\"elementor-column elementor-col-100 elementor-top-column elementor-element elementor-element-0254a1c\" data-id=\"0254a1c\" data-element_type=\"column\" data-e-type=\"column\">\n\t\t\t<div class=\"elementor-widget-wrap elementor-element-populated\">\n\t\t\t\t\t\t\t<\/div>\n\t\t<\/div>\n\t\t\t\t\t<\/div>\n\t\t<\/section>\n\t\t\t\t<section class=\"elementor-section elementor-top-section elementor-element elementor-element-5599928 elementor-section-boxed elementor-section-height-default elementor-section-height-default\" data-id=\"5599928\" data-element_type=\"section\" data-e-type=\"section\">\n\t\t\t\t\t\t<div class=\"elementor-container elementor-column-gap-default\">\n\t\t\t\t\t<div class=\"elementor-column elementor-col-100 elementor-top-column elementor-element elementor-element-b20e13b\" data-id=\"b20e13b\" data-element_type=\"column\" data-e-type=\"column\">\n\t\t\t<div class=\"elementor-widget-wrap elementor-element-populated\">\n\t\t\t\t\t\t<div class=\"elementor-element elementor-element-8d9f72d elementor-pagination-position-inside elementor-arrows-position-inside elementor-widget elementor-widget-image-carousel\" data-id=\"8d9f72d\" data-element_type=\"widget\" data-e-type=\"widget\" data-settings=\"{&quot;slides_to_show&quot;:&quot;1&quot;,&quot;navigation&quot;:&quot;both&quot;,&quot;autoplay&quot;:&quot;yes&quot;,&quot;pause_on_hover&quot;:&quot;yes&quot;,&quot;pause_on_interaction&quot;:&quot;yes&quot;,&quot;autoplay_speed&quot;:5000,&quot;infinite&quot;:&quot;yes&quot;,&quot;effect&quot;:&quot;slide&quot;,&quot;speed&quot;:500}\" data-widget_type=\"image-carousel.default\">\n\t\t\t\t<div class=\"elementor-widget-container\">\n\t\t\t\t\t\t\t<div class=\"elementor-image-carousel-wrapper swiper\" role=\"region\" aria-roledescription=\"carousel\" aria-label=\"Image Carousel\" dir=\"ltr\">\n\t\t\t<div class=\"elementor-image-carousel swiper-wrapper swiper-image-stretch\" aria-live=\"off\">\n\t\t\t\t\t\t\t\t<div class=\"swiper-slide\" role=\"group\" aria-roledescription=\"slide\" aria-label=\"1 of 5\"><figure class=\"swiper-slide-inner\"><img decoding=\"async\" class=\"swiper-slide-image\" src=\"https:\/\/www.onniravintolat.fi\/wp-content\/uploads\/2019\/03\/5-5.jpg\" alt=\"\" \/><\/figure><\/div><div class=\"swiper-slide\" role=\"group\" aria-roledescription=\"slide\" aria-label=\"2 of 5\"><figure class=\"swiper-slide-inner\"><img decoding=\"async\" class=\"swiper-slide-image\" src=\"https:\/\/www.onniravintolat.fi\/wp-content\/uploads\/2019\/03\/4-6.jpg\" alt=\"\" \/><\/figure><\/div><div class=\"swiper-slide\" role=\"group\" aria-roledescription=\"slide\" aria-label=\"3 of 5\"><figure class=\"swiper-slide-inner\"><img decoding=\"async\" class=\"swiper-slide-image\" src=\"https:\/\/www.onniravintolat.fi\/wp-content\/uploads\/2019\/03\/3-7.jpg\" alt=\"\" \/><\/figure><\/div><div class=\"swiper-slide\" role=\"group\" aria-roledescription=\"slide\" aria-label=\"4 of 5\"><figure class=\"swiper-slide-inner\"><img decoding=\"async\" class=\"swiper-slide-image\" src=\"https:\/\/www.onniravintolat.fi\/wp-content\/uploads\/2019\/03\/2-7.jpg\" alt=\"\" \/><\/figure><\/div><div class=\"swiper-slide\" role=\"group\" aria-roledescription=\"slide\" aria-label=\"5 of 5\"><figure class=\"swiper-slide-inner\"><img decoding=\"async\" class=\"swiper-slide-image\" src=\"https:\/\/www.onniravintolat.fi\/wp-content\/uploads\/2019\/03\/1-7.jpg\" alt=\"\" \/><\/figure><\/div>\t\t\t<\/div>\n\t\t\t\t\t\t\t\t\t\t\t\t<div class=\"elementor-swiper-button elementor-swiper-button-prev\" role=\"button\" tabindex=\"0\">\n\t\t\t\t\t\t<i aria-hidden=\"true\" class=\"eicon-chevron-left\"><\/i>\t\t\t\t\t<\/div>\n\t\t\t\t\t<div class=\"elementor-swiper-button elementor-swiper-button-next\" role=\"button\" tabindex=\"0\">\n\t\t\t\t\t\t<i aria-hidden=\"true\" class=\"eicon-chevron-right\"><\/i>\t\t\t\t\t<\/div>\n\t\t\t\t\n\t\t\t\t\t\t\t\t\t<div class=\"swiper-pagination\"><\/div>\n\t\t\t\t\t\t\t\t\t<\/div>\n\t\t\t\t\t\t<\/div>\n\t\t\t\t<\/div>\n\t\t\t\t\t<\/div>\n\t\t<\/div>\n\t\t\t\t\t<\/div>\n\t\t<\/section>\n\t\t\t\t<section class=\"elementor-section elementor-top-section elementor-element elementor-element-78502ebb elementor-section-boxed elementor-section-height-default elementor-section-height-default\" data-id=\"78502ebb\" data-element_type=\"section\" data-e-type=\"section\">\n\t\t\t\t\t\t<div class=\"elementor-container elementor-column-gap-default\">\n\t\t\t\t\t<div class=\"elementor-column elementor-col-100 elementor-top-column elementor-element elementor-element-6491879f\" data-id=\"6491879f\" data-element_type=\"column\" data-e-type=\"column\">\n\t\t\t<div class=\"elementor-widget-wrap elementor-element-populated\">\n\t\t\t\t\t\t<div class=\"elementor-element elementor-element-6f0a8c7 elementor-widget elementor-widget-text-editor\" data-id=\"6f0a8c7\" data-element_type=\"widget\" data-e-type=\"widget\" data-widget_type=\"text-editor.default\">\n\t\t\t\t<div class=\"elementor-widget-container\">\n\t\t\t\t\t\t\t\t\t<p class=\"MsoNormal\"><span lang=\"EN-US\">Mexi is your local sports bar located in the historical neighborhood of T\u00f6\u00f6l\u00f6.<o:p><\/o:p><\/span><\/p><p class=\"MsoNormal\"><span lang=\"EN-US\">Since our location is right next to the home of Helsinki\u2019s ice hockey team, HIFK, we show all HIFK games live. We have always people celebrating before, during and after the games. You can also watch other sports (e.g. Premier League) live from our 9 plasma screens.<o:p><\/o:p><\/span><\/p><p><\/p><p class=\"MsoNormal\"><span lang=\"EN-US\">Super friendly staff, customer-friendly prices and monthly changing drinks menu guarantee a good time whenever you wish to visit Mexi.<o:p><\/o:p><\/span><\/p>\t\t\t\t\t\t\t\t<\/div>\n\t\t\t\t<\/div>\n\t\t\t\t\t<\/div>\n\t\t<\/div>\n\t\t\t\t\t<\/div>\n\t\t<\/section>\n\t\t\t\t<section class=\"elementor-section elementor-top-section elementor-element elementor-element-282e4ba elementor-section-boxed elementor-section-height-default elementor-section-height-default\" data-id=\"282e4ba\" data-element_type=\"section\" data-e-type=\"section\">\n\t\t\t\t\t\t<div class=\"elementor-container elementor-column-gap-default\">\n\t\t\t\t\t<div class=\"elementor-column elementor-col-100 elementor-top-column elementor-element elementor-element-de0a2f3\" data-id=\"de0a2f3\" data-element_type=\"column\" data-e-type=\"column\">\n\t\t\t<div class=\"elementor-widget-wrap elementor-element-populated\">\n\t\t\t\t\t\t<div class=\"elementor-element elementor-element-11b88a1 elementor-widget elementor-widget-google_maps\" data-id=\"11b88a1\" data-element_type=\"widget\" data-e-type=\"widget\" data-widget_type=\"google_maps.default\">\n\t\t\t\t<div class=\"elementor-widget-container\">\n\t\t\t\t\t\t\t<div class=\"elementor-custom-embed\">\n\t\t\t<iframe loading=\"lazy\"\n\t\t\t\t\tsrc=\"https:\/\/maps.google.com\/maps?q=Mannerheimintie%2053%2C%2000250&#038;t=m&#038;z=14&#038;output=embed&#038;iwloc=near\"\n\t\t\t\t\ttitle=\"Mannerheimintie 53, 00250\"\n\t\t\t\t\taria-label=\"Mannerheimintie 53, 00250\"\n\t\t\t><\/iframe>\n\t\t<\/div>\n\t\t\t\t\t\t<\/div>\n\t\t\t\t<\/div>\n\t\t\t\t\t<\/div>\n\t\t<\/div>\n\t\t\t\t\t<\/div>\n\t\t<\/section>\n\t\t\t\t<section class=\"elementor-section elementor-top-section elementor-element elementor-element-67da083 elementor-section-boxed elementor-section-height-default elementor-section-height-default\" data-id=\"67da083\" data-element_type=\"section\" data-e-type=\"section\">\n\t\t\t\t\t\t<div class=\"elementor-container elementor-column-gap-default\">\n\t\t\t\t\t<div class=\"elementor-column elementor-col-100 elementor-top-column elementor-element elementor-element-f1ed1c2\" data-id=\"f1ed1c2\" data-element_type=\"column\" data-e-type=\"column\">\n\t\t\t<div class=\"elementor-widget-wrap elementor-element-populated\">\n\t\t\t\t\t\t<section class=\"elementor-section elementor-inner-section elementor-element elementor-element-9dc3921 elementor-section-boxed elementor-section-height-default elementor-section-height-default\" data-id=\"9dc3921\" data-element_type=\"section\" data-e-type=\"section\" data-settings=\"{&quot;background_background&quot;:&quot;classic&quot;}\">\n\t\t\t\t\t\t<div class=\"elementor-container elementor-column-gap-default\">\n\t\t\t\t\t<div class=\"elementor-column elementor-col-25 elementor-inner-column elementor-element elementor-element-e6cb728\" data-id=\"e6cb728\" data-element_type=\"column\" data-e-type=\"column\">\n\t\t\t<div class=\"elementor-widget-wrap elementor-element-populated\">\n\t\t\t\t\t\t<div class=\"elementor-element elementor-element-381db4e elementor-widget elementor-widget-text-editor\" data-id=\"381db4e\" data-element_type=\"widget\" data-e-type=\"widget\" data-widget_type=\"text-editor.default\">\n\t\t\t\t<div class=\"elementor-widget-container\">\n\t\t\t\t\t\t\t\t\t<h3><b>Contact<\/b><\/h3><p><span>Ravintola Mexi<br \/>Mannerheimintie 53<\/span><br \/>00250 Helsinki<br \/>(09) 241 4200<br \/>S\u00e4hk\u00f6posti: <a href=\"mailto:mexi@mexi.fi\">mexi@mexi.fi<\/a><\/p>\t\t\t\t\t\t\t\t<\/div>\n\t\t\t\t<\/div>\n\t\t\t\t\t<\/div>\n\t\t<\/div>\n\t\t\t\t<div class=\"elementor-column elementor-col-25 elementor-inner-column elementor-element elementor-element-0c99d91\" data-id=\"0c99d91\" data-element_type=\"column\" data-e-type=\"column\">\n\t\t\t<div class=\"elementor-widget-wrap\">\n\t\t\t\t\t\t\t<\/div>\n\t\t<\/div>\n\t\t\t\t<div class=\"elementor-column elementor-col-25 elementor-inner-column elementor-element elementor-element-c7a3480\" data-id=\"c7a3480\" data-element_type=\"column\" data-e-type=\"column\">\n\t\t\t<div class=\"elementor-widget-wrap elementor-element-populated\">\n\t\t\t\t\t\t<div class=\"elementor-element elementor-element-c5035df elementor-widget elementor-widget-text-editor\" data-id=\"c5035df\" data-element_type=\"widget\" data-e-type=\"widget\" data-widget_type=\"text-editor.default\">\n\t\t\t\t<div class=\"elementor-widget-container\">\n\t\t\t\t\t\t\t\t\t<h3><b>Open<\/b><\/h3><p><span>Sun\u2013Thu 09:00\u201302:00<\/span><br \/><span>Fri\u2013Sat 09:00\u201304:30<\/span><\/p>\t\t\t\t\t\t\t\t<\/div>\n\t\t\t\t<\/div>\n\t\t\t\t\t<\/div>\n\t\t<\/div>\n\t\t\t\t<div class=\"elementor-column elementor-col-25 elementor-inner-column elementor-element elementor-element-99678f3\" data-id=\"99678f3\" data-element_type=\"column\" data-e-type=\"column\">\n\t\t\t<div class=\"elementor-widget-wrap\">\n\t\t\t\t\t\t\t<\/div>\n\t\t<\/div>\n\t\t\t\t\t<\/div>\n\t\t<\/section>\n\t\t\t\t\t<\/div>\n\t\t<\/div>\n\t\t\t\t\t<\/div>\n\t\t<\/section>\n\t\t\t\t<section class=\"elementor-section elementor-top-section elementor-element elementor-element-0e6e8db elementor-section-boxed elementor-section-height-default elementor-section-height-default\" data-id=\"0e6e8db\" data-element_type=\"section\" data-e-type=\"section\">\n\t\t\t\t\t\t<div class=\"elementor-container elementor-column-gap-default\">\n\t\t\t\t\t<div class=\"elementor-column elementor-col-100 elementor-top-column elementor-element elementor-element-b50d9af\" data-id=\"b50d9af\" data-element_type=\"column\" data-e-type=\"column\">\n\t\t\t<div class=\"elementor-widget-wrap elementor-element-populated\">\n\t\t\t\t\t\t<div class=\"elementor-element elementor-element-579c13d elementor-shape-circle elementor-grid-0 e-grid-align-center elementor-widget elementor-widget-social-icons\" data-id=\"579c13d\" data-element_type=\"widget\" data-e-type=\"widget\" data-widget_type=\"social-icons.default\">\n\t\t\t\t<div class=\"elementor-widget-container\">\n\t\t\t\t\t\t\t<div class=\"elementor-social-icons-wrapper elementor-grid\" role=\"list\">\n\t\t\t\t\t\t\t<span class=\"elementor-grid-item\" role=\"listitem\">\n\t\t\t\t\t<a class=\"elementor-icon elementor-social-icon elementor-social-icon-facebook elementor-repeater-item-aaecd6a\" href=\"https:\/\/www.facebook.com\/Ravintolamexi\/\" target=\"_blank\">\n\t\t\t\t\t\t<span class=\"elementor-screen-only\">Facebook<\/span>\n\t\t\t\t\t\t\t\t\t\t\t\t\t<i class=\"fa fa-facebook\" aria-hidden=\"true\"><\/i>\n\t\t\t\t\t\t\t\t\t\t\t<\/a>\n\t\t\t\t<\/span>\n\t\t\t\t\t\t\t<span class=\"elementor-grid-item\" role=\"listitem\">\n\t\t\t\t\t<a class=\"elementor-icon elementor-social-icon elementor-social-icon-instagram elementor-repeater-item-45dfb0e\" href=\"https:\/\/www.instagram.com\/ravintolamexi\/?hl=fi\" target=\"_blank\">\n\t\t\t\t\t\t<span class=\"elementor-screen-only\">Instagram<\/span>\n\t\t\t\t\t\t\t\t\t\t\t\t\t<i class=\"fa fa-instagram\" aria-hidden=\"true\"><\/i>\n\t\t\t\t\t\t\t\t\t\t\t<\/a>\n\t\t\t\t<\/span>\n\t\t\t\t\t<\/div>\n\t\t\t\t\t\t<\/div>\n\t\t\t\t<\/div>\n\t\t\t\t\t<\/div>\n\t\t<\/div>\n\t\t\t\t\t<\/div>\n\t\t<\/section>\n\t\t\t\t<section class=\"elementor-section elementor-top-section elementor-element elementor-element-7ff9fa3 elementor-section-boxed elementor-section-height-default elementor-section-height-default\" data-id=\"7ff9fa3\" data-element_type=\"section\" data-e-type=\"section\">\n\t\t\t\t\t\t<div class=\"elementor-container elementor-column-gap-default\">\n\t\t\t\t\t<div class=\"elementor-column elementor-col-100 elementor-top-column elementor-element elementor-element-64ac3d2\" data-id=\"64ac3d2\" data-element_type=\"column\" data-e-type=\"column\">\n\t\t\t<div class=\"elementor-widget-wrap elementor-element-populated\">\n\t\t\t\t\t\t<div class=\"elementor-element elementor-element-f47eddd elementor-align-center elementor-widget elementor-widget-button\" data-id=\"f47eddd\" data-element_type=\"widget\" data-e-type=\"widget\" data-widget_type=\"button.default\">\n\t\t\t\t<div class=\"elementor-widget-container\">\n\t\t\t\t\t\t\t\t\t<div class=\"elementor-button-wrapper\">\n\t\t\t\t\t<a class=\"elementor-button elementor-button-link elementor-size-lg\" href=\"http:\/\/www.mexi.fi\/\">\n\t\t\t\t\t\t<span class=\"elementor-button-content-wrapper\">\n\t\t\t\t\t\t<span class=\"elementor-button-icon\">\n\t\t\t\t\t\t\t\t\t<i class=\"fa fa-angle-right\" aria-hidden=\"true\"><\/i>\n\t\t\t\t\t\t\t<\/span>\n\t\t\t\t\t\t\t\t\t<span class=\"elementor-button-text\">Read more: mexi.fi<\/span>\n\t\t\t\t\t<\/span>\n\t\t\t\t\t<\/a>\n\t\t\t\t<\/div>\n\t\t\t\t\t\t\t\t<\/div>\n\t\t\t\t<\/div>\n\t\t\t\t\t<\/div>\n\t\t<\/div>\n\t\t\t\t\t<\/div>\n\t\t<\/section>\n\t\t\t\t<\/div>\n\t\t","protected":false},"excerpt":{"rendered":"<p>Mexi is your local sports bar located in the historical neighborhood of T\u00f6\u00f6l\u00f6. Since our location is right next to the home of Helsinki\u2019s ice hockey team, HIFK, we show all HIFK games live. We have always people celebrating before, during and after the games. You can also watch other sports (e.g. Premier League) live [&hellip;]<\/p>\n","protected":false},"author":20,"featured_media":405,"parent":1454,"menu_order":6,"comment_status":"closed","ping_status":"closed","template":"elementor_theme","meta":{"footnotes":""},"class_list":["post-1099","page","type-page","status-publish","has-post-thumbnail","hentry"],"yoast_head":"<!-- This site is optimized with the Yoast SEO plugin v27.4 - https:\/\/yoast.com\/product\/yoast-seo-wordpress\/ -->\n<title>Ravintola Mexi - Onniravintolat<\/title>\n<meta name=\"robots\" content=\"index, follow, max-snippet:-1, max-image-preview:large, max-video-preview:-1\" \/>\n<link rel=\"canonical\" href=\"https:\/\/www.onniravintolat.fi\/en\/ravintolat\/ravintola-mexi\/\" \/>\n<meta property=\"og:locale\" content=\"en_US\" \/>\n<meta property=\"og:type\" content=\"article\" \/>\n<meta property=\"og:title\" content=\"Ravintola Mexi - Onniravintolat\" \/>\n<meta property=\"og:description\" content=\"Mexi is your local sports bar located in the historical neighborhood of T\u00f6\u00f6l\u00f6. Since our location is right next to the home of Helsinki\u2019s ice hockey team, HIFK, we show all HIFK games live. We have always people celebrating before, during and after the games. You can also watch other sports (e.g. Premier League) live [&hellip;]\" \/>\n<meta property=\"og:url\" content=\"https:\/\/www.onniravintolat.fi\/en\/ravintolat\/ravintola-mexi\/\" \/>\n<meta property=\"og:site_name\" content=\"Onniravintolat\" \/>\n<meta property=\"article:modified_time\" content=\"2019-03-14T09:01:58+00:00\" \/>\n<meta property=\"og:image\" content=\"https:\/\/www.onniravintolat.fi\/wp-content\/uploads\/2019\/01\/viisipennia-heading.jpg\" \/>\n\t<meta property=\"og:image:width\" content=\"1600\" \/>\n\t<meta property=\"og:image:height\" content=\"518\" \/>\n\t<meta property=\"og:image:type\" content=\"image\/jpeg\" \/>\n<meta name=\"twitter:card\" content=\"summary_large_image\" \/>\n<meta name=\"twitter:label1\" content=\"Est. reading time\" \/>\n\t<meta name=\"twitter:data1\" content=\"1 minute\" \/>\n<script type=\"application\/ld+json\" class=\"yoast-schema-graph\">{\"@context\":\"https:\\\/\\\/schema.org\",\"@graph\":[{\"@type\":\"WebPage\",\"@id\":\"https:\\\/\\\/www.onniravintolat.fi\\\/en\\\/ravintolat\\\/ravintola-mexi\\\/\",\"url\":\"https:\\\/\\\/www.onniravintolat.fi\\\/en\\\/ravintolat\\\/ravintola-mexi\\\/\",\"name\":\"Ravintola Mexi - Onniravintolat\",\"isPartOf\":{\"@id\":\"https:\\\/\\\/www.onniravintolat.fi\\\/#website\"},\"primaryImageOfPage\":{\"@id\":\"https:\\\/\\\/www.onniravintolat.fi\\\/en\\\/ravintolat\\\/ravintola-mexi\\\/#primaryimage\"},\"image\":{\"@id\":\"https:\\\/\\\/www.onniravintolat.fi\\\/en\\\/ravintolat\\\/ravintola-mexi\\\/#primaryimage\"},\"thumbnailUrl\":\"https:\\\/\\\/www.onniravintolat.fi\\\/wp-content\\\/uploads\\\/2019\\\/01\\\/viisipennia-heading.jpg\",\"datePublished\":\"2019-01-22T09:33:34+00:00\",\"dateModified\":\"2019-03-14T09:01:58+00:00\",\"breadcrumb\":{\"@id\":\"https:\\\/\\\/www.onniravintolat.fi\\\/en\\\/ravintolat\\\/ravintola-mexi\\\/#breadcrumb\"},\"inLanguage\":\"en-US\",\"potentialAction\":[{\"@type\":\"ReadAction\",\"target\":[\"https:\\\/\\\/www.onniravintolat.fi\\\/en\\\/ravintolat\\\/ravintola-mexi\\\/\"]}]},{\"@type\":\"ImageObject\",\"inLanguage\":\"en-US\",\"@id\":\"https:\\\/\\\/www.onniravintolat.fi\\\/en\\\/ravintolat\\\/ravintola-mexi\\\/#primaryimage\",\"url\":\"https:\\\/\\\/www.onniravintolat.fi\\\/wp-content\\\/uploads\\\/2019\\\/01\\\/viisipennia-heading.jpg\",\"contentUrl\":\"https:\\\/\\\/www.onniravintolat.fi\\\/wp-content\\\/uploads\\\/2019\\\/01\\\/viisipennia-heading.jpg\",\"width\":1600,\"height\":518},{\"@type\":\"BreadcrumbList\",\"@id\":\"https:\\\/\\\/www.onniravintolat.fi\\\/en\\\/ravintolat\\\/ravintola-mexi\\\/#breadcrumb\",\"itemListElement\":[{\"@type\":\"ListItem\",\"position\":1,\"name\":\"Etusivu\",\"item\":\"https:\\\/\\\/www.onniravintolat.fi\\\/\"},{\"@type\":\"ListItem\",\"position\":2,\"name\":\"Our restaurants\",\"item\":\"https:\\\/\\\/www.onniravintolat.fi\\\/en\\\/ravintolat\\\/\"},{\"@type\":\"ListItem\",\"position\":3,\"name\":\"Ravintola Mexi\"}]},{\"@type\":\"WebSite\",\"@id\":\"https:\\\/\\\/www.onniravintolat.fi\\\/#website\",\"url\":\"https:\\\/\\\/www.onniravintolat.fi\\\/\",\"name\":\"Onniravintolat\",\"description\":\"Onnellisia hetki\u00e4 l\u00e4hell\u00e4si.\",\"publisher\":{\"@id\":\"https:\\\/\\\/www.onniravintolat.fi\\\/#organization\"},\"potentialAction\":[{\"@type\":\"SearchAction\",\"target\":{\"@type\":\"EntryPoint\",\"urlTemplate\":\"https:\\\/\\\/www.onniravintolat.fi\\\/?s={search_term_string}\"},\"query-input\":{\"@type\":\"PropertyValueSpecification\",\"valueRequired\":true,\"valueName\":\"search_term_string\"}}],\"inLanguage\":\"en-US\"},{\"@type\":\"Organization\",\"@id\":\"https:\\\/\\\/www.onniravintolat.fi\\\/#organization\",\"name\":\"Onniravintolat\",\"url\":\"https:\\\/\\\/www.onniravintolat.fi\\\/\",\"logo\":{\"@type\":\"ImageObject\",\"inLanguage\":\"en-US\",\"@id\":\"https:\\\/\\\/www.onniravintolat.fi\\\/#\\\/schema\\\/logo\\\/image\\\/\",\"url\":\"https:\\\/\\\/www.onniravintolat.fi\\\/wp-content\\\/uploads\\\/2020\\\/01\\\/Onniravintolat-logo-2.png\",\"contentUrl\":\"https:\\\/\\\/www.onniravintolat.fi\\\/wp-content\\\/uploads\\\/2020\\\/01\\\/Onniravintolat-logo-2.png\",\"width\":1467,\"height\":1467,\"caption\":\"Onniravintolat\"},\"image\":{\"@id\":\"https:\\\/\\\/www.onniravintolat.fi\\\/#\\\/schema\\\/logo\\\/image\\\/\"}}]}<\/script>\n<!-- \/ Yoast SEO plugin. -->","yoast_head_json":{"title":"Ravintola Mexi - Onniravintolat","robots":{"index":"index","follow":"follow","max-snippet":"max-snippet:-1","max-image-preview":"max-image-preview:large","max-video-preview":"max-video-preview:-1"},"canonical":"https:\/\/www.onniravintolat.fi\/en\/ravintolat\/ravintola-mexi\/","og_locale":"en_US","og_type":"article","og_title":"Ravintola Mexi - Onniravintolat","og_description":"Mexi is your local sports bar located in the historical neighborhood of T\u00f6\u00f6l\u00f6. Since our location is right next to the home of Helsinki\u2019s ice hockey team, HIFK, we show all HIFK games live. We have always people celebrating before, during and after the games. You can also watch other sports (e.g. Premier League) live [&hellip;]","og_url":"https:\/\/www.onniravintolat.fi\/en\/ravintolat\/ravintola-mexi\/","og_site_name":"Onniravintolat","article_modified_time":"2019-03-14T09:01:58+00:00","og_image":[{"width":1600,"height":518,"url":"https:\/\/www.onniravintolat.fi\/wp-content\/uploads\/2019\/01\/viisipennia-heading.jpg","type":"image\/jpeg"}],"twitter_card":"summary_large_image","twitter_misc":{"Est. reading time":"1 minute"},"schema":{"@context":"https:\/\/schema.org","@graph":[{"@type":"WebPage","@id":"https:\/\/www.onniravintolat.fi\/en\/ravintolat\/ravintola-mexi\/","url":"https:\/\/www.onniravintolat.fi\/en\/ravintolat\/ravintola-mexi\/","name":"Ravintola Mexi - Onniravintolat","isPartOf":{"@id":"https:\/\/www.onniravintolat.fi\/#website"},"primaryImageOfPage":{"@id":"https:\/\/www.onniravintolat.fi\/en\/ravintolat\/ravintola-mexi\/#primaryimage"},"image":{"@id":"https:\/\/www.onniravintolat.fi\/en\/ravintolat\/ravintola-mexi\/#primaryimage"},"thumbnailUrl":"https:\/\/www.onniravintolat.fi\/wp-content\/uploads\/2019\/01\/viisipennia-heading.jpg","datePublished":"2019-01-22T09:33:34+00:00","dateModified":"2019-03-14T09:01:58+00:00","breadcrumb":{"@id":"https:\/\/www.onniravintolat.fi\/en\/ravintolat\/ravintola-mexi\/#breadcrumb"},"inLanguage":"en-US","potentialAction":[{"@type":"ReadAction","target":["https:\/\/www.onniravintolat.fi\/en\/ravintolat\/ravintola-mexi\/"]}]},{"@type":"ImageObject","inLanguage":"en-US","@id":"https:\/\/www.onniravintolat.fi\/en\/ravintolat\/ravintola-mexi\/#primaryimage","url":"https:\/\/www.onniravintolat.fi\/wp-content\/uploads\/2019\/01\/viisipennia-heading.jpg","contentUrl":"https:\/\/www.onniravintolat.fi\/wp-content\/uploads\/2019\/01\/viisipennia-heading.jpg","width":1600,"height":518},{"@type":"BreadcrumbList","@id":"https:\/\/www.onniravintolat.fi\/en\/ravintolat\/ravintola-mexi\/#breadcrumb","itemListElement":[{"@type":"ListItem","position":1,"name":"Etusivu","item":"https:\/\/www.onniravintolat.fi\/"},{"@type":"ListItem","position":2,"name":"Our restaurants","item":"https:\/\/www.onniravintolat.fi\/en\/ravintolat\/"},{"@type":"ListItem","position":3,"name":"Ravintola Mexi"}]},{"@type":"WebSite","@id":"https:\/\/www.onniravintolat.fi\/#website","url":"https:\/\/www.onniravintolat.fi\/","name":"Onniravintolat","description":"Onnellisia hetki\u00e4 l\u00e4hell\u00e4si.","publisher":{"@id":"https:\/\/www.onniravintolat.fi\/#organization"},"potentialAction":[{"@type":"SearchAction","target":{"@type":"EntryPoint","urlTemplate":"https:\/\/www.onniravintolat.fi\/?s={search_term_string}"},"query-input":{"@type":"PropertyValueSpecification","valueRequired":true,"valueName":"search_term_string"}}],"inLanguage":"en-US"},{"@type":"Organization","@id":"https:\/\/www.onniravintolat.fi\/#organization","name":"Onniravintolat","url":"https:\/\/www.onniravintolat.fi\/","logo":{"@type":"ImageObject","inLanguage":"en-US","@id":"https:\/\/www.onniravintolat.fi\/#\/schema\/logo\/image\/","url":"https:\/\/www.onniravintolat.fi\/wp-content\/uploads\/2020\/01\/Onniravintolat-logo-2.png","contentUrl":"https:\/\/www.onniravintolat.fi\/wp-content\/uploads\/2020\/01\/Onniravintolat-logo-2.png","width":1467,"height":1467,"caption":"Onniravintolat"},"image":{"@id":"https:\/\/www.onniravintolat.fi\/#\/schema\/logo\/image\/"}}]}},"_links":{"self":[{"href":"https:\/\/www.onniravintolat.fi\/en\/wp-json\/wp\/v2\/pages\/1099","targetHints":{"allow":["GET"]}}],"collection":[{"href":"https:\/\/www.onniravintolat.fi\/en\/wp-json\/wp\/v2\/pages"}],"about":[{"href":"https:\/\/www.onniravintolat.fi\/en\/wp-json\/wp\/v2\/types\/page"}],"author":[{"embeddable":true,"href":"https:\/\/www.onniravintolat.fi\/en\/wp-json\/wp\/v2\/users\/20"}],"replies":[{"embeddable":true,"href":"https:\/\/www.onniravintolat.fi\/en\/wp-json\/wp\/v2\/comments?post=1099"}],"version-history":[{"count":18,"href":"https:\/\/www.onniravintolat.fi\/en\/wp-json\/wp\/v2\/pages\/1099\/revisions"}],"predecessor-version":[{"id":4642,"href":"https:\/\/www.onniravintolat.fi\/en\/wp-json\/wp\/v2\/pages\/1099\/revisions\/4642"}],"up":[{"embeddable":true,"href":"https:\/\/www.onniravintolat.fi\/en\/wp-json\/wp\/v2\/pages\/1454"}],"wp:featuredmedia":[{"embeddable":true,"href":"https:\/\/www.onniravintolat.fi\/en\/wp-json\/wp\/v2\/media\/405"}],"wp:attachment":[{"href":"https:\/\/www.onniravintolat.fi\/en\/wp-json\/wp\/v2\/media?parent=1099"}],"curies":[{"name":"wp","href":"https:\/\/api.w.org\/{rel}","templated":true}]}}